{"id":1601,"date":"2024-01-15T12:17:03","date_gmt":"2024-01-15T12:17:03","guid":{"rendered":"https:\/\/mastorrencito.com\/habitaciones-adaptadas-para-mascotas-2\/"},"modified":"2024-06-07T11:44:28","modified_gmt":"2024-06-07T11:44:28","slug":"lalt-emporda","status":"publish","type":"page","link":"https:\/\/mastorrencito.com\/fr\/lalt-emporda\/","title":{"rendered":"L\u00b4Alt Empord\u00e0"},"content":{"rendered":"\t\t<div data-elementor-type=\"wp-page\" data-elementor-id=\"1601\" class=\"elementor elementor-1601\" data-elementor-post-type=\"page\">\n\t\t\t\t<div class=\"elementor-element elementor-element-444e881c e-flex e-con-boxed e-con e-parent\" data-id=\"444e881c\" data-element_type=\"container\" data-e-type=\"container\" data-settings=\"{&quot;background_background&quot;:&quot;classic&quot;}\">\n\t\t\t\t\t<div class=\"e-con-inner\">\n\t\t<div class=\"elementor-element elementor-element-5246733 e-con-full e-flex e-con e-child\" data-id=\"5246733\" data-element_type=\"container\" data-e-type=\"container\" data-settings=\"{&quot;animation&quot;:&quot;none&quot;,&quot;animation_delay&quot;:200}\">\n\t\t\t\t<div class=\"elementor-element elementor-element-f2a0265 elementor-widget elementor-widget-heading\" data-id=\"f2a0265\" data-element_type=\"widget\" data-e-type=\"widget\" data-widget_type=\"heading.default\">\n\t\t\t\t\t<h1 class=\"elementor-heading-title elementor-size-default\">L\u00b4Alt Empord\u00e0<\/h1>\t\t\t\t<\/div>\n\t\t\t\t<\/div>\n\t\t\t\t\t<\/div>\n\t\t\t\t<\/div>\n\t\t<div class=\"elementor-element elementor-element-5d67fe6 e-flex e-con-boxed e-con e-parent\" data-id=\"5d67fe6\" data-element_type=\"container\" data-e-type=\"container\">\n\t\t\t\t\t<div class=\"e-con-inner\">\n\t\t\t\t<div class=\"elementor-element elementor-element-0f2bdf8 elementor-widget elementor-widget-heading\" data-id=\"0f2bdf8\" data-element_type=\"widget\" data-e-type=\"widget\" data-widget_type=\"heading.default\">\n\t\t\t\t\t<h2 class=\"elementor-heading-title elementor-size-default\">R\u00e9gion de l'Alt Empord\u00e0<\/h2>\t\t\t\t<\/div>\n\t\t\t\t<div class=\"elementor-element elementor-element-a0ae55c elementor-widget elementor-widget-heading\" data-id=\"a0ae55c\" data-element_type=\"widget\" data-e-type=\"widget\" data-widget_type=\"heading.default\">\n\t\t\t\t\t<h3 class=\"elementor-heading-title elementor-size-default\">Plongez dans sa beaut\u00e9 captivante<\/h3>\t\t\t\t<\/div>\n\t\t\t\t<div class=\"elementor-element elementor-element-0bd6b79 elementor-widget elementor-widget-text-editor\" data-id=\"0bd6b79\" data-element_type=\"widget\" data-e-type=\"widget\" data-widget_type=\"text-editor.default\">\n\t\t\t\t\t\t\t\t\t<strong>L\u00b4Alt Empord\u00e0<\/strong> est connue pour ses charmants villages, dont les rues pav\u00e9es invitent \u00e0 se perdre dans leurs recoins charg\u00e9s d&#8217;histoire. Cette r\u00e9gion, baign\u00e9e par la mer M\u00e9diterran\u00e9e et embrass\u00e9e par les Pyr\u00e9n\u00e9es, offre une exp\u00e9rience unique qui captive ceux qui la visitent.\n\nLes paysages de<strong>L&#8217;Alt Empord\u00e0<\/strong> vous invitent \u00e0 les d\u00e9couvrir \u00e0 pied, \u00e0 v\u00e9lo ou m\u00eame \u00e0 cheval, offrant une connexion profonde avec la nature.\t\t\t\t\t\t\t\t<\/div>\n\t\t\t\t\t<\/div>\n\t\t\t\t<\/div>\n\t\t<div class=\"elementor-element elementor-element-e67f0bf e-con-full e-flex e-con e-parent\" data-id=\"e67f0bf\" data-element_type=\"container\" data-e-type=\"container\">\n\t\t<div class=\"elementor-element elementor-element-c2f974c e-con-full e-flex e-con e-child\" data-id=\"c2f974c\" data-element_type=\"container\" data-e-type=\"container\" data-settings=\"{&quot;background_background&quot;:&quot;classic&quot;}\">\n\t\t\t\t<\/div>\n\t\t<div class=\"elementor-element elementor-element-ca0fedd e-con-full e-flex e-con e-child\" data-id=\"ca0fedd\" data-element_type=\"container\" data-e-type=\"container\">\n\t\t\t\t<div class=\"elementor-element elementor-element-37bc967 elementor-widget elementor-widget-heading\" data-id=\"37bc967\" data-element_type=\"widget\" data-e-type=\"widget\" data-widget_type=\"heading.default\">\n\t\t\t\t\t<h2 class=\"elementor-heading-title elementor-size-default\">L'Escala<\/h2>\t\t\t\t<\/div>\n\t\t\t\t<div class=\"elementor-element elementor-element-047d81f elementor-widget elementor-widget-heading\" data-id=\"047d81f\" data-element_type=\"widget\" data-e-type=\"widget\" data-widget_type=\"heading.default\">\n\t\t\t\t\t<h3 class=\"elementor-heading-title elementor-size-default\">Plages de sable dor\u00e9 et eaux cristallines<\/h3>\t\t\t\t<\/div>\n\t\t\t\t<div class=\"elementor-element elementor-element-5acc6ad elementor-widget elementor-widget-text-editor\" data-id=\"5acc6ad\" data-element_type=\"widget\" data-e-type=\"widget\" data-widget_type=\"text-editor.default\">\n\t\t\t\t\t\t\t\t\t<p style=\"text-align: justify;\">Situ\u00e9e sur la Costa Brava, c&#8217;est un paradis pour les amoureux de la mer et de la gastronomie m\u00e9diterran\u00e9enne. Ses plages aux eaux cristallines sont id\u00e9ales pour se d\u00e9tendre et profiter du soleil, tandis que les amateurs de sports nautiques y trouveront un cadre id\u00e9al pour pratiquer le surf, la planche \u00e0 voile et la plong\u00e9e. En outre, L&#8217;Escala est connue pour sa d\u00e9licieuse cuisine de la mer, o\u00f9 les poissons frais et les plats de fruits de mer sont les vedettes incontest\u00e9es.<\/p>\t\t\t\t\t\t\t\t<\/div>\n\t\t\t\t<\/div>\n\t\t\t\t<\/div>\n\t\t<div class=\"elementor-element elementor-element-5fd38a4 e-con-full e-flex e-con e-parent\" data-id=\"5fd38a4\" data-element_type=\"container\" data-e-type=\"container\">\n\t\t<div class=\"elementor-element elementor-element-165546d e-con-full e-flex e-con e-child\" data-id=\"165546d\" data-element_type=\"container\" data-e-type=\"container\">\n\t\t\t\t<div class=\"elementor-element elementor-element-ba6a39e elementor-widget elementor-widget-heading\" data-id=\"ba6a39e\" data-element_type=\"widget\" data-e-type=\"widget\" data-widget_type=\"heading.default\">\n\t\t\t\t\t<h2 class=\"elementor-heading-title elementor-size-default\">Figueres<\/h2>\t\t\t\t<\/div>\n\t\t\t\t<div class=\"elementor-element elementor-element-1adc7f6 elementor-widget elementor-widget-heading\" data-id=\"1adc7f6\" data-element_type=\"widget\" data-e-type=\"widget\" data-widget_type=\"heading.default\">\n\t\t\t\t\t<h3 class=\"elementor-heading-title elementor-size-default\">Un must pour les amateurs d'art surr\u00e9aliste.<\/h3>\t\t\t\t<\/div>\n\t\t\t\t<div class=\"elementor-element elementor-element-22072b0 elementor-widget elementor-widget-text-editor\" data-id=\"22072b0\" data-element_type=\"widget\" data-e-type=\"widget\" data-widget_type=\"text-editor.default\">\n\t\t\t\t\t\t\t\t\t<p style=\"text-align: justify;\">Connue comme la ville natale de Salvador Dal\u00ed, Figueras abrite le Th\u00e9\u00e2tre-Mus\u00e9e con\u00e7u par l&#8217;artiste lui-m\u00eame, un monument \u00e0 son g\u00e9nie cr\u00e9atif qui abrite une extraordinaire collection de ses \u0153uvres les plus embl\u00e9matiques. En outre, en se promenant dans les rues pittoresques de Figueras, on d\u00e9couvre son riche patrimoine architectural, o\u00f9 se m\u00ealent les influences du gothique, de la Renaissance et du modernisme.<\/p>\t\t\t\t\t\t\t\t<\/div>\n\t\t\t\t<\/div>\n\t\t<div class=\"elementor-element elementor-element-e0d8c5b e-con-full e-flex e-con e-child\" data-id=\"e0d8c5b\" data-element_type=\"container\" data-e-type=\"container\" data-settings=\"{&quot;background_background&quot;:&quot;classic&quot;}\">\n\t\t\t\t<\/div>\n\t\t\t\t<\/div>\n\t\t<div class=\"elementor-element elementor-element-2515c76 e-con-full e-flex e-con e-parent\" data-id=\"2515c76\" data-element_type=\"container\" data-e-type=\"container\">\n\t\t<div class=\"elementor-element elementor-element-2e28b92 e-con-full e-flex e-con e-child\" data-id=\"2e28b92\" data-element_type=\"container\" data-e-type=\"container\" data-settings=\"{&quot;background_background&quot;:&quot;classic&quot;}\">\n\t\t\t\t<\/div>\n\t\t<div class=\"elementor-element elementor-element-8eacef0 e-con-full e-flex e-con e-child\" data-id=\"8eacef0\" data-element_type=\"container\" data-e-type=\"container\">\n\t\t\t\t<div class=\"elementor-element elementor-element-526233e elementor-widget elementor-widget-heading\" data-id=\"526233e\" data-element_type=\"widget\" data-e-type=\"widget\" data-widget_type=\"heading.default\">\n\t\t\t\t\t<h2 class=\"elementor-heading-title elementor-size-default\">Girona<\/h2>\t\t\t\t<\/div>\n\t\t\t\t<div class=\"elementor-element elementor-element-b18472d elementor-widget elementor-widget-heading\" data-id=\"b18472d\" data-element_type=\"widget\" data-e-type=\"widget\" data-widget_type=\"heading.default\">\n\t\t\t\t\t<h3 class=\"elementor-heading-title elementor-size-default\">Atmosph\u00e8re mystique et enchanteresse<\/h3>\t\t\t\t<\/div>\n\t\t\t\t<div class=\"elementor-element elementor-element-9a67b67 elementor-widget elementor-widget-text-editor\" data-id=\"9a67b67\" data-element_type=\"widget\" data-e-type=\"widget\" data-widget_type=\"text-editor.default\">\n\t\t\t\t\t\t\t\t\t<p style=\"text-align: justify;\">G\u00e9rone est connue pour sa sc\u00e8ne culturelle dynamique, qui comprend des festivals de musique, de th\u00e9\u00e2tre et de gastronomie tout au long de l&#8217;ann\u00e9e.<\/p><p style=\"text-align: justify;\">Se promener dans son impressionnante vieille ville, \u00e0 c\u00f4t\u00e9 de son imposante cath\u00e9drale ou le long de ses remparts m\u00e9di\u00e9vaux offre une exp\u00e9rience unique et inoubliable qui promet de laisser une impression durable \u00e0 ceux qui la visitent.<\/p>\t\t\t\t\t\t\t\t<\/div>\n\t\t\t\t<\/div>\n\t\t\t\t<\/div>\n\t\t<div class=\"elementor-element elementor-element-58194fb e-con-full e-flex e-con e-parent\" data-id=\"58194fb\" data-element_type=\"container\" data-e-type=\"container\">\n\t\t<div class=\"elementor-element elementor-element-a0e949f e-con-full e-flex e-con e-child\" data-id=\"a0e949f\" data-element_type=\"container\" data-e-type=\"container\">\n\t\t\t\t<div class=\"elementor-element elementor-element-4a02e16 elementor-widget elementor-widget-heading\" data-id=\"4a02e16\" data-element_type=\"widget\" data-e-type=\"widget\" data-widget_type=\"heading.default\">\n\t\t\t\t\t<h2 class=\"elementor-heading-title elementor-size-default\">Besal\u00fa<\/h2>\t\t\t\t<\/div>\n\t\t\t\t<div class=\"elementor-element elementor-element-6d8b210 elementor-widget elementor-widget-heading\" data-id=\"6d8b210\" data-element_type=\"widget\" data-e-type=\"widget\" data-widget_type=\"heading.default\">\n\t\t\t\t\t<h3 class=\"elementor-heading-title elementor-size-default\">Un voyage au Moyen \u00c2ge<\/h3>\t\t\t\t<\/div>\n\t\t\t\t<div class=\"elementor-element elementor-element-bffa3d3 elementor-widget elementor-widget-text-editor\" data-id=\"bffa3d3\" data-element_type=\"widget\" data-e-type=\"widget\" data-widget_type=\"text-editor.default\">\n\t\t\t\t\t\t\t\t\t<p style=\"text-align: justify;\">Ce charmant village m\u00e9di\u00e9val, d\u00e9clar\u00e9 site historique et artistique, est un labyrinthe de rues pav\u00e9es, de places pittoresques et de b\u00e2timents historiques qui racontent des si\u00e8cles d&#8217;histoire. Le pont, qui traverse la rivi\u00e8re Fluvi\u00e0, est un monument embl\u00e9matique et l&#8217;un des meilleurs exemples d&#8217;architecture romane en Catalogne.<\/p>\t\t\t\t\t\t\t\t<\/div>\n\t\t\t\t<\/div>\n\t\t<div class=\"elementor-element elementor-element-83aa2aa e-con-full e-flex e-con e-child\" data-id=\"83aa2aa\" data-element_type=\"container\" data-e-type=\"container\" data-settings=\"{&quot;background_background&quot;:&quot;classic&quot;}\">\n\t\t\t\t<\/div>\n\t\t\t\t<\/div>\n\t\t\t\t<\/div>\n\t\t","protected":false},"excerpt":{"rendered":"<p>L\u00b4Alt Empord\u00e0 R\u00e9gion de l&#8217;Alt Empord\u00e0 Plongez dans sa beaut\u00e9 captivante L\u00b4Alt Empord\u00e0 est connue pour ses charmants villages, dont les rues pav\u00e9es invitent \u00e0 se perdre dans leurs recoins charg\u00e9s d&#8217;histoire. Cette r\u00e9gion, baign\u00e9e par la mer M\u00e9diterran\u00e9e et embrass\u00e9e par les Pyr\u00e9n\u00e9es, offre une exp\u00e9rience unique qui captive ceux qui la visitent. Les [&hellip;]<\/p>\n","protected":false},"author":1,"featured_media":0,"parent":0,"menu_order":0,"comment_status":"closed","ping_status":"closed","template":"elementor_header_footer","meta":{"footnotes":""},"class_list":["post-1601","page","type-page","status-publish","hentry"],"yoast_head":"<!-- This site is optimized with the Yoast SEO Premium plugin v27.3 (Yoast SEO v27.4) - https:\/\/yoast.com\/product\/yoast-seo-premium-wordpress\/ -->\n<title>L\u00b4Alt Empord\u00e0 - Mas Torrencito FR<\/title>\n<meta name=\"description\" content=\"Sum\u00e9rgete en la cautivadora belleza de la comarca de L\u00b4Alt Empord\u00e0 conocida por sus pueblos encantadores y calles empedradas.\" \/>\n<meta name=\"robots\" content=\"index, follow, max-snippet:-1, max-image-preview:large, max-video-preview:-1\" \/>\n<link rel=\"canonical\" href=\"https:\/\/mastorrencito.com\/lalt-emporda\/\" \/>\n<meta property=\"og:locale\" content=\"es_ES\" \/>\n<meta property=\"og:type\" content=\"article\" \/>\n<meta property=\"og:title\" content=\"L\u00b4Alt Empord\u00e0\" \/>\n<meta property=\"og:description\" content=\"Sum\u00e9rgete en la cautivadora belleza de la comarca de L\u00b4Alt Empord\u00e0 conocida por sus pueblos encantadores y calles empedradas.\" \/>\n<meta property=\"og:url\" content=\"https:\/\/mastorrencito.com\/lalt-emporda\/\" \/>\n<meta property=\"og:site_name\" content=\"Mas Torrencito FR\" \/>\n<meta property=\"article:modified_time\" content=\"2024-06-07T11:44:28+00:00\" \/>\n<meta name=\"twitter:card\" content=\"summary_large_image\" \/>\n<meta name=\"twitter:label1\" content=\"Tiempo de lectura\" \/>\n\t<meta name=\"twitter:data1\" content=\"2 minutos\" \/>\n<script type=\"application\/ld+json\" class=\"yoast-schema-graph\">{\"@context\":\"https:\\\/\\\/schema.org\",\"@graph\":[{\"@type\":\"WebPage\",\"@id\":\"https:\\\/\\\/mastorrencito.com\\\/lalt-emporda\\\/\",\"url\":\"https:\\\/\\\/mastorrencito.com\\\/lalt-emporda\\\/\",\"name\":\"L\u00b4Alt Empord\u00e0 - Mas Torrencito FR\",\"isPartOf\":{\"@id\":\"https:\\\/\\\/mastorrencito.com\\\/#website\"},\"datePublished\":\"2024-01-15T12:17:03+00:00\",\"dateModified\":\"2024-06-07T11:44:28+00:00\",\"description\":\"Sum\u00e9rgete en la cautivadora belleza de la comarca de L\u00b4Alt Empord\u00e0 conocida por sus pueblos encantadores y calles empedradas.\",\"breadcrumb\":{\"@id\":\"https:\\\/\\\/mastorrencito.com\\\/lalt-emporda\\\/#breadcrumb\"},\"inLanguage\":\"es\",\"potentialAction\":[{\"@type\":\"ReadAction\",\"target\":[\"https:\\\/\\\/mastorrencito.com\\\/lalt-emporda\\\/\"]}]},{\"@type\":\"BreadcrumbList\",\"@id\":\"https:\\\/\\\/mastorrencito.com\\\/lalt-emporda\\\/#breadcrumb\",\"itemListElement\":[{\"@type\":\"ListItem\",\"position\":1,\"name\":\"Portada\",\"item\":\"https:\\\/\\\/mastorrencito.com\\\/\"},{\"@type\":\"ListItem\",\"position\":2,\"name\":\"L\u00b4Alt Empord\u00e0\"}]},{\"@type\":\"WebSite\",\"@id\":\"https:\\\/\\\/mastorrencito.com\\\/#website\",\"url\":\"https:\\\/\\\/mastorrencito.com\\\/\",\"name\":\"Mas Torrencito FR\",\"description\":\"Casa rural pet friendly en Girona\",\"publisher\":{\"@id\":\"https:\\\/\\\/mastorrencito.com\\\/#organization\"},\"potentialAction\":[{\"@type\":\"SearchAction\",\"target\":{\"@type\":\"EntryPoint\",\"urlTemplate\":\"https:\\\/\\\/mastorrencito.com\\\/?s={search_term_string}\"},\"query-input\":{\"@type\":\"PropertyValueSpecification\",\"valueRequired\":true,\"valueName\":\"search_term_string\"}}],\"inLanguage\":\"es\"},{\"@type\":\"Organization\",\"@id\":\"https:\\\/\\\/mastorrencito.com\\\/#organization\",\"name\":\"Mas Torrencito FR\",\"url\":\"https:\\\/\\\/mastorrencito.com\\\/\",\"logo\":{\"@type\":\"ImageObject\",\"inLanguage\":\"es\",\"@id\":\"https:\\\/\\\/mastorrencito.com\\\/#\\\/schema\\\/logo\\\/image\\\/\",\"url\":\"https:\\\/\\\/mastorrencito.com\\\/fr\\\/wp-content\\\/uploads\\\/sites\\\/4\\\/Logo-Mastorrencito-horizontal.webp\",\"contentUrl\":\"https:\\\/\\\/mastorrencito.com\\\/fr\\\/wp-content\\\/uploads\\\/sites\\\/4\\\/Logo-Mastorrencito-horizontal.webp\",\"width\":161,\"height\":54,\"caption\":\"Mas Torrencito FR\"},\"image\":{\"@id\":\"https:\\\/\\\/mastorrencito.com\\\/#\\\/schema\\\/logo\\\/image\\\/\"}}]}<\/script>\n<!-- \/ Yoast SEO Premium plugin. -->","yoast_head_json":{"title":"L\u00b4Alt Empord\u00e0 - Mas Torrencito FR","description":"Sum\u00e9rgete en la cautivadora belleza de la comarca de L\u00b4Alt Empord\u00e0 conocida por sus pueblos encantadores y calles empedradas.","robots":{"index":"index","follow":"follow","max-snippet":"max-snippet:-1","max-image-preview":"max-image-preview:large","max-video-preview":"max-video-preview:-1"},"canonical":"https:\/\/mastorrencito.com\/lalt-emporda\/","og_locale":"es_ES","og_type":"article","og_title":"L\u00b4Alt Empord\u00e0","og_description":"Sum\u00e9rgete en la cautivadora belleza de la comarca de L\u00b4Alt Empord\u00e0 conocida por sus pueblos encantadores y calles empedradas.","og_url":"https:\/\/mastorrencito.com\/lalt-emporda\/","og_site_name":"Mas Torrencito FR","article_modified_time":"2024-06-07T11:44:28+00:00","twitter_card":"summary_large_image","twitter_misc":{"Tiempo de lectura":"2 minutos"},"schema":{"@context":"https:\/\/schema.org","@graph":[{"@type":"WebPage","@id":"https:\/\/mastorrencito.com\/lalt-emporda\/","url":"https:\/\/mastorrencito.com\/lalt-emporda\/","name":"L\u00b4Alt Empord\u00e0 - Mas Torrencito FR","isPartOf":{"@id":"https:\/\/mastorrencito.com\/#website"},"datePublished":"2024-01-15T12:17:03+00:00","dateModified":"2024-06-07T11:44:28+00:00","description":"Sum\u00e9rgete en la cautivadora belleza de la comarca de L\u00b4Alt Empord\u00e0 conocida por sus pueblos encantadores y calles empedradas.","breadcrumb":{"@id":"https:\/\/mastorrencito.com\/lalt-emporda\/#breadcrumb"},"inLanguage":"es","potentialAction":[{"@type":"ReadAction","target":["https:\/\/mastorrencito.com\/lalt-emporda\/"]}]},{"@type":"BreadcrumbList","@id":"https:\/\/mastorrencito.com\/lalt-emporda\/#breadcrumb","itemListElement":[{"@type":"ListItem","position":1,"name":"Portada","item":"https:\/\/mastorrencito.com\/"},{"@type":"ListItem","position":2,"name":"L\u00b4Alt Empord\u00e0"}]},{"@type":"WebSite","@id":"https:\/\/mastorrencito.com\/#website","url":"https:\/\/mastorrencito.com\/","name":"Mas Torrencito FR","description":"Casa rural pet friendly en Girona","publisher":{"@id":"https:\/\/mastorrencito.com\/#organization"},"potentialAction":[{"@type":"SearchAction","target":{"@type":"EntryPoint","urlTemplate":"https:\/\/mastorrencito.com\/?s={search_term_string}"},"query-input":{"@type":"PropertyValueSpecification","valueRequired":true,"valueName":"search_term_string"}}],"inLanguage":"es"},{"@type":"Organization","@id":"https:\/\/mastorrencito.com\/#organization","name":"Mas Torrencito FR","url":"https:\/\/mastorrencito.com\/","logo":{"@type":"ImageObject","inLanguage":"es","@id":"https:\/\/mastorrencito.com\/#\/schema\/logo\/image\/","url":"https:\/\/mastorrencito.com\/fr\/wp-content\/uploads\/sites\/4\/Logo-Mastorrencito-horizontal.webp","contentUrl":"https:\/\/mastorrencito.com\/fr\/wp-content\/uploads\/sites\/4\/Logo-Mastorrencito-horizontal.webp","width":161,"height":54,"caption":"Mas Torrencito FR"},"image":{"@id":"https:\/\/mastorrencito.com\/#\/schema\/logo\/image\/"}}]}},"_links":{"self":[{"href":"https:\/\/mastorrencito.com\/fr\/wp-json\/wp\/v2\/pages\/1601","targetHints":{"allow":["GET"]}}],"collection":[{"href":"https:\/\/mastorrencito.com\/fr\/wp-json\/wp\/v2\/pages"}],"about":[{"href":"https:\/\/mastorrencito.com\/fr\/wp-json\/wp\/v2\/types\/page"}],"author":[{"embeddable":true,"href":"https:\/\/mastorrencito.com\/fr\/wp-json\/wp\/v2\/users\/1"}],"replies":[{"embeddable":true,"href":"https:\/\/mastorrencito.com\/fr\/wp-json\/wp\/v2\/comments?post=1601"}],"version-history":[{"count":62,"href":"https:\/\/mastorrencito.com\/fr\/wp-json\/wp\/v2\/pages\/1601\/revisions"}],"predecessor-version":[{"id":1937,"href":"https:\/\/mastorrencito.com\/fr\/wp-json\/wp\/v2\/pages\/1601\/revisions\/1937"}],"wp:attachment":[{"href":"https:\/\/mastorrencito.com\/fr\/wp-json\/wp\/v2\/media?parent=1601"}],"curies":[{"name":"wp","href":"https:\/\/api.w.org\/{rel}","templated":true}]}}