{"id":1184,"date":"2024-01-15T12:17:03","date_gmt":"2024-01-15T12:17:03","guid":{"rendered":"https:\/\/mastorrencito.com\/pagina-de-inicio-2\/"},"modified":"2024-06-07T11:34:34","modified_gmt":"2024-06-07T11:34:34","slug":"turismo-rural-con-perros","status":"publish","type":"page","link":"https:\/\/mastorrencito.com\/fr\/turismo-rural-con-perros\/","title":{"rendered":"Turismo rural con perros"},"content":{"rendered":"\t\t<div data-elementor-type=\"wp-page\" data-elementor-id=\"1184\" class=\"elementor elementor-1184\" data-elementor-post-type=\"page\">\n\t\t\t\t<div class=\"elementor-element elementor-element-444e881c e-flex e-con-boxed e-con e-parent\" data-id=\"444e881c\" data-element_type=\"container\" data-e-type=\"container\" data-settings=\"{&quot;background_background&quot;:&quot;classic&quot;}\">\n\t\t\t\t\t<div class=\"e-con-inner\">\n\t\t<div class=\"elementor-element elementor-element-5246733 e-con-full e-flex e-con e-child\" data-id=\"5246733\" data-element_type=\"container\" data-e-type=\"container\" data-settings=\"{&quot;animation&quot;:&quot;none&quot;,&quot;animation_delay&quot;:200}\">\n\t\t\t\t<div class=\"elementor-element elementor-element-f2a0265 elementor-widget elementor-widget-heading\" data-id=\"f2a0265\" data-element_type=\"widget\" data-e-type=\"widget\" data-widget_type=\"heading.default\">\n\t\t\t\t\t<h1 class=\"elementor-heading-title elementor-size-default\">Tourisme rural <h1>avec des chiens<\/h1>.<\/h1>\t\t\t\t<\/div>\n\t\t\t\t<\/div>\n\t\t<div class=\"elementor-element elementor-element-f89aad3 e-con-full e-flex e-con e-child\" data-id=\"f89aad3\" data-element_type=\"container\" data-e-type=\"container\" data-settings=\"{&quot;animation&quot;:&quot;none&quot;,&quot;animation_delay&quot;:200}\">\n\t\t\t\t<div class=\"elementor-element elementor-element-f4551af elementor-widget elementor-widget-heading\" data-id=\"f4551af\" data-element_type=\"widget\" data-e-type=\"widget\" data-widget_type=\"heading.default\">\n\t\t\t\t\t<h2 class=\"elementor-heading-title elementor-size-default\">\u00c9conomisez jusqu'\u00e0 17 % sur vos r\u00e9servations sur notre site officiel.<\/h2>\t\t\t\t<\/div>\n\t\t<div class=\"elementor-element elementor-element-d316e3b e-con-full elementor-hidden-mobile elementor-hidden-tablet e-flex e-con e-child\" data-id=\"d316e3b\" data-element_type=\"container\" data-e-type=\"container\" data-settings=\"{&quot;background_background&quot;:&quot;classic&quot;}\">\n\t\t\t\t<div class=\"elementor-element elementor-element-8091fb4 elementor-widget elementor-widget-shortcode\" data-id=\"8091fb4\" data-element_type=\"widget\" data-e-type=\"widget\" data-widget_type=\"shortcode.default\">\n\t\t\t\t\t\t\t<div class=\"elementor-shortcode\">        \r\n<style>\r\n    .avc-calendar.avc-calendar-1 {\r\n        background-color: rgba(226.99, 236.01, 247.02, 0);\r\n        border-width: 0px;\r\n        border-color: rgba(255, 255, 255, 1);\r\n        border-radius: 0px;\r\n    }\r\n\r\n    .avc-calendar.avc-calendar-1>.avc-input {\r\n        background-color: rgba(0.73, 0.73, 0.73, 0);\r\n        border-width: 0px;\r\n        border-color: rgba(255, 255, 255, 1);\r\n        border-radius: 0px;\r\n        color: rgba(255, 255, 255, 1);\r\n        font-size: 14px;\r\n    }\r\n\r\n    .avc-calendar.avc-calendar-1>.avc-input>input {\r\n        font-size: 14px;\r\n    }\r\n\r\n    \/* Separated because of this: https:\/\/stackoverflow.com\/a\/39155868 *\/\r\n    .avc-calendar.avc-calendar-1input::placeholder {\r\n        color: inherit;\r\n        font-size: inherit;\r\n    }\r\n\r\n    .avc-calendar.avc-calendar-1input::-moz-placeholder {\r\n        color: inherit;\r\n        font-size: inherit;\r\n    }\r\n\r\n    .avc-calendar.avc-calendar-1input::-webkit-input-placeholder {\r\n        color: inherit;\r\n        font-size: inherit;\r\n    }\r\n\r\n    .avc-calendar.avc-calendar-1input:-ms-input-placeholder {\r\n        color: inherit;\r\n        font-size: inherit;\r\n    }\r\n\r\n    .avc-calendar.avc-calendar-1input::-ms-input-placeholder {\r\n        color: inherit;\r\n        font-size: inherit;\r\n    }\r\n\r\n    .avc-calendar.avc-calendar-1>.avc-button {\r\n        background-color: rgba(173, 203, 87, 1);\r\n        border-width: 3px 3px 3px 3px;\r\n        border-color: rgba(255, 255, 255, 1);\r\n        border-radius: 0px;\r\n        color: rgba(255,255,255,1);\r\n        font-size: 14px;\r\n    }\r\n\r\n    .avc-calendar.avc-calendar-1>.avc-button:hover {\r\n        background-color: rgba(177,206,95,1);\r\n    }\r\n\r\n    .avc-datepicker.avc-datepicker-1.ui-state-highlight {\r\n        border: 1px solid rgba(173, 203, 87, 1);\r\n        color: rgba(173, 203, 87, 1);\r\n    }\r\n\r\n    .avc-datepicker.avc-datepicker-1.ui-state-highlight:not(.ui-state-active):hover {\r\n        background-color: rgba(243,247,230,1);\r\n    }\r\n\r\n    .avc-datepicker.avc-datepicker-1.ui-datepicker table>tbody>tr>td>a.ui-state-active.ui-state-default {\r\n        border: 1px solid rgba(173, 203, 87, 1) !important;\r\n        background-color: rgba(173, 203, 87, 1) !important;\r\n        color: rgba(255,255,255,1) !important;\r\n    }\r\n<\/style>        \r\n<div class=\"avc-calendar avc-calendar-1 \" data-id=\"1\" id=\"avc-1\" data-categories=\"[]\" data-lang=\"es\">\r\n    <select\r\n        class=\"avc-input avc-establishment avc-establishment-1 \" style=\"display: none;\"\r\n        data-single=\"1\"\r\n        data-default-webcode=\"84901729\"\r\n    >\r\n        <option value=\"\">Establecimientos<\/option>\r\n                <option value=\"84901729\" data-id=\"1\">\r\n            Mastorrencito        <\/option>\r\n            <\/select>\r\n        <label class=\"avc-input\">\r\n                    <i class=\"material-icons\">calendar_today<\/i>\r\n                <input type=\"text\" class=\"avc-arrival\" placeholder=\"Llegada\" readonly data-id=\"1\">\r\n    <\/label>\r\n    <label class=\"avc-input\">\r\n                    <i class=\"material-icons\">calendar_today<\/i>\r\n                <input type=\"text\" class=\"avc-departure\" placeholder=\"Salida\" readonly data-id=\"1\">\r\n    <\/label>\r\n    <label class=\"avc-input\" style=\"display: block;\">\r\n        <input type=\"text\" class=\"avc-promotion\" placeholder=\"C\u00f3digo promocional\" value=\"\">\r\n    <\/label>\r\n    <button class=\"avc-button\" onclick=\"go_to_bengine(1)\" >Reservar<\/button>\r\n    <input type=\"hidden\" id=\"avinput_san\" value=\"true\">\r\n    <input type=\"hidden\" id=\"avinput_zones\" value=\"false\">\r\n<\/div><\/div>\n\t\t\t\t\t\t<\/div>\n\t\t\t\t<\/div>\n\t\t\t\t<\/div>\n\t\t\t\t\t<\/div>\n\t\t\t\t<\/div>\n\t\t<div class=\"elementor-element elementor-element-5d67fe6 e-flex e-con-boxed e-con e-parent\" data-id=\"5d67fe6\" data-element_type=\"container\" data-e-type=\"container\">\n\t\t\t\t\t<div class=\"e-con-inner\">\n\t\t\t\t<div class=\"elementor-element elementor-element-0f2bdf8 elementor-widget elementor-widget-heading\" data-id=\"0f2bdf8\" data-element_type=\"widget\" data-e-type=\"widget\" data-widget_type=\"heading.default\">\n\t\t\t\t\t<h3 class=\"elementor-heading-title elementor-size-default\">Tourisme rural avec chiens \u00e0 Mas torrencito<\/h3>\t\t\t\t<\/div>\n\t\t\t\t<div class=\"elementor-element elementor-element-a0ae55c elementor-widget elementor-widget-heading\" data-id=\"a0ae55c\" data-element_type=\"widget\" data-e-type=\"widget\" data-widget_type=\"heading.default\">\n\t\t\t\t\t<h2 class=\"elementor-heading-title elementor-size-default\">Le meilleur g\u00eete rural de G\u00e9rone pour accompagner votre animal de compagnie<\/h2>\t\t\t\t<\/div>\n\t\t\t\t<div class=\"elementor-element elementor-element-0bd6b79 elementor-widget elementor-widget-text-editor\" data-id=\"0bd6b79\" data-element_type=\"widget\" data-e-type=\"widget\" data-widget_type=\"text-editor.default\">\n\t\t\t\t\t\t\t\t\t<p>Le Mas Torrencito s&#8217;\u00e9tend sur 7 hectares entour\u00e9s de bois o\u00f9 vous trouverez des espaces de jardin, des porches, des balan\u00e7oires pour les enfants, des v\u00e9los en libre acc\u00e8s, une piscine chauff\u00e9e, un parking et m\u00eame le wifi dans la piscine.<\/p><p>Au Mas Torrencito, nous sommes entour\u00e9s d&#8217;un silence qui n&#8217;est rompu que par le passage de la tramontane, le bruit des arbres, la pluie ou le murmure de notre ruisseau aux eaux transparentes&#8230;<\/p><p>Dans notre philosophie, les animaux sont notre priorit\u00e9 et sont toujours les bienvenus.<\/p>\t\t\t\t\t\t\t\t<\/div>\n\t\t\t\t\t<\/div>\n\t\t\t\t<\/div>\n\t\t<div class=\"elementor-element elementor-element-bbce2fc e-con-full e-flex e-con e-parent\" data-id=\"bbce2fc\" data-element_type=\"container\" data-e-type=\"container\">\n\t\t<div class=\"elementor-element elementor-element-9ca829a e-con-full e-flex e-con e-child\" data-id=\"9ca829a\" data-element_type=\"container\" data-e-type=\"container\" data-settings=\"{&quot;background_background&quot;:&quot;classic&quot;}\">\n\t\t\t\t<\/div>\n\t\t<div class=\"elementor-element elementor-element-cadfd7d e-con-full e-flex e-con e-child\" data-id=\"cadfd7d\" data-element_type=\"container\" data-e-type=\"container\">\n\t\t\t\t<div class=\"elementor-element elementor-element-c116655 elementor-widget elementor-widget-heading\" data-id=\"c116655\" data-element_type=\"widget\" data-e-type=\"widget\" data-widget_type=\"heading.default\">\n\t\t\t\t\t<h2 class=\"elementor-heading-title elementor-size-default\">Le jardin du g\u00eete<\/h2>\t\t\t\t<\/div>\n\t\t\t\t<div class=\"elementor-element elementor-element-25cfbde0 elementor-widget elementor-widget-heading\" data-id=\"25cfbde0\" data-element_type=\"widget\" data-e-type=\"widget\" data-widget_type=\"heading.default\">\n\t\t\t\t\t<h3 class=\"elementor-heading-title elementor-size-default\">des lieux secrets \u00e0 d\u00e9couvrir<\/h3>\t\t\t\t<\/div>\n\t\t\t\t<div class=\"elementor-element elementor-element-7fa0200 elementor-widget elementor-widget-text-editor\" data-id=\"7fa0200\" data-element_type=\"widget\" data-e-type=\"widget\" data-widget_type=\"text-editor.default\">\n\t\t\t\t\t\t\t\t\t<p style=\"text-align: justify;\">Le vaste jardin du Mas Torrencito est un endroit unique qui combine un paysage bien entretenu avec la nature sauvage. Vous y trouverez d&#8217;innombrables coins o\u00f9 vous pourrez vous d\u00e9tendre et profiter du soleil. Nous vous invitons \u00e0 vous \u00e9vader et \u00e0 explorer nos for\u00eats, nos chemins pleins de v\u00e9g\u00e9tation et nos sentiers qui m\u00e8nent au Fluvi\u00e1.<\/p>\n<p style=\"text-align: justify;\">Le jardin du Mas Torrencito est \u00e9galement un <strong>paradis pour chiens<\/strong>. Avec des espaces sous le figuier pour se reposer, un ruisseau et une piscine pour se baigner, et la compagnie d&#8217;autres chiens sympathiques. Votre animal aura tout ce qu&#8217;il faut pour profiter de son s\u00e9jour au g\u00eete. Visitez notre jardin et laissez-vous emporter par la tranquillit\u00e9 et la beaut\u00e9 de la nature \u00e0 Mas Torrencito.<\/p>\t\t\t\t\t\t\t\t<\/div>\n\t\t\t\t<\/div>\n\t\t\t\t<\/div>\n\t\t<div class=\"elementor-element elementor-element-fd332bf e-con-full e-flex e-con e-parent\" data-id=\"fd332bf\" data-element_type=\"container\" data-e-type=\"container\">\n\t\t<div class=\"elementor-element elementor-element-fadb60b e-con-full e-flex e-con e-child\" data-id=\"fadb60b\" data-element_type=\"container\" data-e-type=\"container\">\n\t\t\t\t<div class=\"elementor-element elementor-element-3df2473 elementor-widget elementor-widget-heading\" data-id=\"3df2473\" data-element_type=\"widget\" data-e-type=\"widget\" data-widget_type=\"heading.default\">\n\t\t\t\t\t<h2 class=\"elementor-heading-title elementor-size-default\">Une chemin\u00e9e avec plus de 600 ans d'histoire<\/h2>\t\t\t\t<\/div>\n\t\t\t\t<div class=\"elementor-element elementor-element-7d82657 elementor-widget elementor-widget-heading\" data-id=\"7d82657\" data-element_type=\"widget\" data-e-type=\"widget\" data-widget_type=\"heading.default\">\n\t\t\t\t\t<h3 class=\"elementor-heading-title elementor-size-default\">Des anecdotes \u00e0 n'en plus finir<\/h3>\t\t\t\t<\/div>\n\t\t\t\t<div class=\"elementor-element elementor-element-02ea068 elementor-widget elementor-widget-text-editor\" data-id=\"02ea068\" data-element_type=\"widget\" data-e-type=\"widget\" data-widget_type=\"text-editor.default\">\n\t\t\t\t\t\t\t\t\t<p style=\"text-align: justify;\"><strong>La Chimenea<\/strong> Le Mas Torrencito est un lieu magique o\u00f9 les visiteurs peuvent profiter d&#8217;une atmosph\u00e8re chaleureuse et relaxante. Avec sa lumi\u00e8re douce et le bruit du feu qui cr\u00e9pite, c&#8217;est l&#8217;endroit id\u00e9al pour passer des heures de paix et de tranquillit\u00e9. Entour\u00e9 de fauteuils confortables et d&#8217;une s\u00e9lection de livres et de magazines, c&#8217;est l&#8217;endroit id\u00e9al pour lire, imaginer et simplement profiter de la compagnie des autres.<\/p>\n<p style=\"text-align: justify;\">Les clients peuvent se d\u00e9tendre avec un bon Gin Tonic, tout en profitant de la musique de jazz et des discussions amicales. Les couronnes suspendues \u00e0 la chemin\u00e9e rappellent l&#8217;hospitalit\u00e9 et la chaleur du Mas Torrencito. Chaque couronne est une anecdote unique partag\u00e9e par des clients fid\u00e8les qui ont visit\u00e9 la maison ann\u00e9e apr\u00e8s ann\u00e9e. Au Mas Torrencito, la chemin\u00e9e est bien plus qu&#8217;un endroit o\u00f9 se r\u00e9chauffer, c&#8217;est un endroit o\u00f9 l&#8217;on peut se connecter avec les gens et cr\u00e9er des souvenirs inoubliables.<\/p>\t\t\t\t\t\t\t\t<\/div>\n\t\t\t\t<\/div>\n\t\t<div class=\"elementor-element elementor-element-5a96c4e e-con-full e-flex e-con e-child\" data-id=\"5a96c4e\" data-element_type=\"container\" data-e-type=\"container\" data-settings=\"{&quot;background_background&quot;:&quot;classic&quot;}\">\n\t\t\t\t<\/div>\n\t\t\t\t<\/div>\n\t\t<div class=\"elementor-element elementor-element-ba90fcd e-con-full e-flex e-con e-parent\" data-id=\"ba90fcd\" data-element_type=\"container\" data-e-type=\"container\">\n\t\t<div class=\"elementor-element elementor-element-b87c16e e-con-full e-flex e-con e-child\" data-id=\"b87c16e\" data-element_type=\"container\" data-e-type=\"container\" data-settings=\"{&quot;background_background&quot;:&quot;classic&quot;}\">\n\t\t\t\t<\/div>\n\t\t<div class=\"elementor-element elementor-element-4b5d442 e-con-full e-flex e-con e-child\" data-id=\"4b5d442\" data-element_type=\"container\" data-e-type=\"container\">\n\t\t\t\t<div class=\"elementor-element elementor-element-66aa332 elementor-widget elementor-widget-heading\" data-id=\"66aa332\" data-element_type=\"widget\" data-e-type=\"widget\" data-widget_type=\"heading.default\">\n\t\t\t\t\t<h2 class=\"elementor-heading-title elementor-size-default\">The comfortable biblioteca<\/h2>\t\t\t\t<\/div>\n\t\t\t\t<div class=\"elementor-element elementor-element-d10ff9f elementor-widget elementor-widget-heading\" data-id=\"d10ff9f\" data-element_type=\"widget\" data-e-type=\"widget\" data-widget_type=\"heading.default\">\n\t\t\t\t\t<h3 class=\"elementor-heading-title elementor-size-default\">Un coin lecture et d\u00e9tente<\/h3>\t\t\t\t<\/div>\n\t\t\t\t<div class=\"elementor-element elementor-element-1fd1895 elementor-widget elementor-widget-text-editor\" data-id=\"1fd1895\" data-element_type=\"widget\" data-e-type=\"widget\" data-widget_type=\"text-editor.default\">\n\t\t\t\t\t\t\t\t\t<p style=\"text-align: justify;\">Dans une atmosph\u00e8re chaleureuse en hiver et fra\u00eeche et tranquille en \u00e9t\u00e9, vous pouvez profiter de plusieurs heures de satisfaction mentale entre les promenades et les activit\u00e9s sportives que nous proposons dans notre maison de campagne. Vous y trouverez une collection de livres et de magazines, ainsi qu&#8217;une t\u00e9l\u00e9vision et un \u00e9cran de cin\u00e9ma pour regarder vos films pr\u00e9f\u00e9r\u00e9s.<\/p><p style=\"text-align: justify;\">Les animaux sont notre priorit\u00e9 et sont toujours les bienvenus sur nos canap\u00e9s et dans nos jardins. Cependant, nous attendons un comportement appropri\u00e9 de la part des chiens, et nous sommes convaincus que tous les chiens qui visitent Mas Torrencito appr\u00e9cieront de vivre dans nos installations.<\/p>\t\t\t\t\t\t\t\t<\/div>\n\t\t\t\t<\/div>\n\t\t\t\t<\/div>\n\t\t<div class=\"elementor-element elementor-element-0e9aadd e-con-full e-flex e-con e-parent\" data-id=\"0e9aadd\" data-element_type=\"container\" data-e-type=\"container\">\n\t\t<div class=\"elementor-element elementor-element-557fb4d e-con-full e-flex e-con e-child\" data-id=\"557fb4d\" data-element_type=\"container\" data-e-type=\"container\">\n\t\t\t\t<div class=\"elementor-element elementor-element-b58479a elementor-widget elementor-widget-heading\" data-id=\"b58479a\" data-element_type=\"widget\" data-e-type=\"widget\" data-widget_type=\"heading.default\">\n\t\t\t\t\t<h2 class=\"elementor-heading-title elementor-size-default\">El office<\/h2>\t\t\t\t<\/div>\n\t\t\t\t<div class=\"elementor-element elementor-element-f216022 elementor-widget elementor-widget-heading\" data-id=\"f216022\" data-element_type=\"widget\" data-e-type=\"widget\" data-widget_type=\"heading.default\">\n\t\t\t\t\t<h3 class=\"elementor-heading-title elementor-size-default\">Les points forts du g\u00eete<\/h3>\t\t\t\t<\/div>\n\t\t\t\t<div class=\"elementor-element elementor-element-4cb5d21 elementor-widget elementor-widget-text-editor\" data-id=\"4cb5d21\" data-element_type=\"widget\" data-e-type=\"widget\" data-widget_type=\"text-editor.default\">\n\t\t\t\t\t\t\t\t\t<p style=\"text-align: justify;\">Cet espace charmant allie confort moderne et charme rustique, cr\u00e9ant ainsi l&#8217;environnement id\u00e9al pour profiter d&#8217;une pause tranquille.<\/p><p style=\"text-align: justify;\">Situ\u00e9 entre les salons et la salle \u00e0 manger principale, vous trouverez dans notre bureau un large choix de boissons, y compris des boissons non alcoolis\u00e9es, des jus, une machine \u00e0 caf\u00e9 avec des vari\u00e9t\u00e9s de caf\u00e9 et une machine \u00e0 expresso avec 10 vari\u00e9t\u00e9s de s\u00e9lection de caf\u00e9, plus de 40 types de th\u00e9 et d&#8217;infusions. En outre, nous conservons nos confitures maison dans une petite armoire vieille de 400 ans.<\/p>\t\t\t\t\t\t\t\t<\/div>\n\t\t\t\t<\/div>\n\t\t<div class=\"elementor-element elementor-element-35cf169 e-con-full e-flex e-con e-child\" data-id=\"35cf169\" data-element_type=\"container\" data-e-type=\"container\" data-settings=\"{&quot;background_background&quot;:&quot;classic&quot;}\">\n\t\t\t\t<\/div>\n\t\t\t\t<\/div>\n\t\t\t\t<\/div>\n\t\t","protected":false},"excerpt":{"rendered":"<p>Tourisme rural avec des chiens . \u00c9conomisez jusqu&#8217;\u00e0 17 % sur vos r\u00e9servations sur notre site officiel. Tourisme rural avec chiens \u00e0 Mas torrencito Le meilleur g\u00eete rural de G\u00e9rone pour accompagner votre animal de compagnie Le Mas Torrencito s&#8217;\u00e9tend sur 7 hectares entour\u00e9s de bois o\u00f9 vous trouverez des espaces de jardin, des porches, [&hellip;]<\/p>\n","protected":false},"author":1,"featured_media":0,"parent":0,"menu_order":0,"comment_status":"closed","ping_status":"closed","template":"elementor_header_footer","meta":{"footnotes":""},"class_list":["post-1184","page","type-page","status-publish","hentry"],"yoast_head":"<!-- This site is optimized with the Yoast SEO Premium plugin v27.3 (Yoast SEO v27.3) - https:\/\/yoast.com\/product\/yoast-seo-premium-wordpress\/ -->\n<title>Turismo rural con perros - Mas Torrencito FR<\/title>\n<meta name=\"description\" content=\"Mas Torrencito fomenta el turismo rural con perros. Aqu\u00ed los animales son nuestra prioridad y siempre est\u00e1n bienvenidos.\" \/>\n<meta name=\"robots\" content=\"index, follow, max-snippet:-1, max-image-preview:large, max-video-preview:-1\" \/>\n<link rel=\"canonical\" href=\"https:\/\/mastorrencito.com\/turismo-rural-con-perros\/\" \/>\n<meta property=\"og:locale\" content=\"es_ES\" \/>\n<meta property=\"og:type\" content=\"article\" \/>\n<meta property=\"og:title\" content=\"Turismo rural con perros\" \/>\n<meta property=\"og:description\" content=\"Mas Torrencito fomenta el turismo rural con perros. Aqu\u00ed los animales son nuestra prioridad y siempre est\u00e1n bienvenidos.\" \/>\n<meta property=\"og:url\" content=\"https:\/\/mastorrencito.com\/turismo-rural-con-perros\/\" \/>\n<meta property=\"og:site_name\" content=\"Mas Torrencito FR\" \/>\n<meta property=\"article:modified_time\" content=\"2024-06-07T11:34:34+00:00\" \/>\n<meta name=\"twitter:card\" content=\"summary_large_image\" \/>\n<meta name=\"twitter:label1\" content=\"Tiempo de lectura\" \/>\n\t<meta name=\"twitter:data1\" content=\"3 minutos\" \/>\n<script type=\"application\/ld+json\" class=\"yoast-schema-graph\">{\"@context\":\"https:\\\/\\\/schema.org\",\"@graph\":[{\"@type\":\"WebPage\",\"@id\":\"https:\\\/\\\/mastorrencito.com\\\/turismo-rural-con-perros\\\/\",\"url\":\"https:\\\/\\\/mastorrencito.com\\\/turismo-rural-con-perros\\\/\",\"name\":\"Turismo rural con perros - Mas Torrencito FR\",\"isPartOf\":{\"@id\":\"https:\\\/\\\/mastorrencito.com\\\/#website\"},\"datePublished\":\"2024-01-15T12:17:03+00:00\",\"dateModified\":\"2024-06-07T11:34:34+00:00\",\"description\":\"Mas Torrencito fomenta el turismo rural con perros. Aqu\u00ed los animales son nuestra prioridad y siempre est\u00e1n bienvenidos.\",\"breadcrumb\":{\"@id\":\"https:\\\/\\\/mastorrencito.com\\\/turismo-rural-con-perros\\\/#breadcrumb\"},\"inLanguage\":\"es\",\"potentialAction\":[{\"@type\":\"ReadAction\",\"target\":[\"https:\\\/\\\/mastorrencito.com\\\/turismo-rural-con-perros\\\/\"]}]},{\"@type\":\"BreadcrumbList\",\"@id\":\"https:\\\/\\\/mastorrencito.com\\\/turismo-rural-con-perros\\\/#breadcrumb\",\"itemListElement\":[{\"@type\":\"ListItem\",\"position\":1,\"name\":\"Portada\",\"item\":\"https:\\\/\\\/mastorrencito.com\\\/\"},{\"@type\":\"ListItem\",\"position\":2,\"name\":\"Turismo rural con perros\"}]},{\"@type\":\"WebSite\",\"@id\":\"https:\\\/\\\/mastorrencito.com\\\/#website\",\"url\":\"https:\\\/\\\/mastorrencito.com\\\/\",\"name\":\"Mas Torrencito FR\",\"description\":\"Casa rural pet friendly en Girona\",\"publisher\":{\"@id\":\"https:\\\/\\\/mastorrencito.com\\\/#organization\"},\"potentialAction\":[{\"@type\":\"SearchAction\",\"target\":{\"@type\":\"EntryPoint\",\"urlTemplate\":\"https:\\\/\\\/mastorrencito.com\\\/?s={search_term_string}\"},\"query-input\":{\"@type\":\"PropertyValueSpecification\",\"valueRequired\":true,\"valueName\":\"search_term_string\"}}],\"inLanguage\":\"es\"},{\"@type\":\"Organization\",\"@id\":\"https:\\\/\\\/mastorrencito.com\\\/#organization\",\"name\":\"Mas Torrencito FR\",\"url\":\"https:\\\/\\\/mastorrencito.com\\\/\",\"logo\":{\"@type\":\"ImageObject\",\"inLanguage\":\"es\",\"@id\":\"https:\\\/\\\/mastorrencito.com\\\/#\\\/schema\\\/logo\\\/image\\\/\",\"url\":\"https:\\\/\\\/mastorrencito.com\\\/fr\\\/wp-content\\\/uploads\\\/sites\\\/4\\\/Logo-Mastorrencito-horizontal.webp\",\"contentUrl\":\"https:\\\/\\\/mastorrencito.com\\\/fr\\\/wp-content\\\/uploads\\\/sites\\\/4\\\/Logo-Mastorrencito-horizontal.webp\",\"width\":161,\"height\":54,\"caption\":\"Mas Torrencito FR\"},\"image\":{\"@id\":\"https:\\\/\\\/mastorrencito.com\\\/#\\\/schema\\\/logo\\\/image\\\/\"}}]}<\/script>\n<!-- \/ Yoast SEO Premium plugin. -->","yoast_head_json":{"title":"Turismo rural con perros - Mas Torrencito FR","description":"Mas Torrencito fomenta el turismo rural con perros. Aqu\u00ed los animales son nuestra prioridad y siempre est\u00e1n bienvenidos.","robots":{"index":"index","follow":"follow","max-snippet":"max-snippet:-1","max-image-preview":"max-image-preview:large","max-video-preview":"max-video-preview:-1"},"canonical":"https:\/\/mastorrencito.com\/turismo-rural-con-perros\/","og_locale":"es_ES","og_type":"article","og_title":"Turismo rural con perros","og_description":"Mas Torrencito fomenta el turismo rural con perros. Aqu\u00ed los animales son nuestra prioridad y siempre est\u00e1n bienvenidos.","og_url":"https:\/\/mastorrencito.com\/turismo-rural-con-perros\/","og_site_name":"Mas Torrencito FR","article_modified_time":"2024-06-07T11:34:34+00:00","twitter_card":"summary_large_image","twitter_misc":{"Tiempo de lectura":"3 minutos"},"schema":{"@context":"https:\/\/schema.org","@graph":[{"@type":"WebPage","@id":"https:\/\/mastorrencito.com\/turismo-rural-con-perros\/","url":"https:\/\/mastorrencito.com\/turismo-rural-con-perros\/","name":"Turismo rural con perros - Mas Torrencito FR","isPartOf":{"@id":"https:\/\/mastorrencito.com\/#website"},"datePublished":"2024-01-15T12:17:03+00:00","dateModified":"2024-06-07T11:34:34+00:00","description":"Mas Torrencito fomenta el turismo rural con perros. Aqu\u00ed los animales son nuestra prioridad y siempre est\u00e1n bienvenidos.","breadcrumb":{"@id":"https:\/\/mastorrencito.com\/turismo-rural-con-perros\/#breadcrumb"},"inLanguage":"es","potentialAction":[{"@type":"ReadAction","target":["https:\/\/mastorrencito.com\/turismo-rural-con-perros\/"]}]},{"@type":"BreadcrumbList","@id":"https:\/\/mastorrencito.com\/turismo-rural-con-perros\/#breadcrumb","itemListElement":[{"@type":"ListItem","position":1,"name":"Portada","item":"https:\/\/mastorrencito.com\/"},{"@type":"ListItem","position":2,"name":"Turismo rural con perros"}]},{"@type":"WebSite","@id":"https:\/\/mastorrencito.com\/#website","url":"https:\/\/mastorrencito.com\/","name":"Mas Torrencito FR","description":"Casa rural pet friendly en Girona","publisher":{"@id":"https:\/\/mastorrencito.com\/#organization"},"potentialAction":[{"@type":"SearchAction","target":{"@type":"EntryPoint","urlTemplate":"https:\/\/mastorrencito.com\/?s={search_term_string}"},"query-input":{"@type":"PropertyValueSpecification","valueRequired":true,"valueName":"search_term_string"}}],"inLanguage":"es"},{"@type":"Organization","@id":"https:\/\/mastorrencito.com\/#organization","name":"Mas Torrencito FR","url":"https:\/\/mastorrencito.com\/","logo":{"@type":"ImageObject","inLanguage":"es","@id":"https:\/\/mastorrencito.com\/#\/schema\/logo\/image\/","url":"https:\/\/mastorrencito.com\/fr\/wp-content\/uploads\/sites\/4\/Logo-Mastorrencito-horizontal.webp","contentUrl":"https:\/\/mastorrencito.com\/fr\/wp-content\/uploads\/sites\/4\/Logo-Mastorrencito-horizontal.webp","width":161,"height":54,"caption":"Mas Torrencito FR"},"image":{"@id":"https:\/\/mastorrencito.com\/#\/schema\/logo\/image\/"}}]}},"_links":{"self":[{"href":"https:\/\/mastorrencito.com\/fr\/wp-json\/wp\/v2\/pages\/1184","targetHints":{"allow":["GET"]}}],"collection":[{"href":"https:\/\/mastorrencito.com\/fr\/wp-json\/wp\/v2\/pages"}],"about":[{"href":"https:\/\/mastorrencito.com\/fr\/wp-json\/wp\/v2\/types\/page"}],"author":[{"embeddable":true,"href":"https:\/\/mastorrencito.com\/fr\/wp-json\/wp\/v2\/users\/1"}],"replies":[{"embeddable":true,"href":"https:\/\/mastorrencito.com\/fr\/wp-json\/wp\/v2\/comments?post=1184"}],"version-history":[{"count":147,"href":"https:\/\/mastorrencito.com\/fr\/wp-json\/wp\/v2\/pages\/1184\/revisions"}],"predecessor-version":[{"id":1928,"href":"https:\/\/mastorrencito.com\/fr\/wp-json\/wp\/v2\/pages\/1184\/revisions\/1928"}],"wp:attachment":[{"href":"https:\/\/mastorrencito.com\/fr\/wp-json\/wp\/v2\/media?parent=1184"}],"curies":[{"name":"wp","href":"https:\/\/api.w.org\/{rel}","templated":true}]}}