{"id":1133,"date":"2024-04-22T14:47:23","date_gmt":"2024-04-22T14:47:23","guid":{"rendered":"https:\/\/mastorrencito.com\/?page_id=1133"},"modified":"2024-06-07T11:42:22","modified_gmt":"2024-06-07T11:42:22","slug":"bonos-experiencias","status":"publish","type":"page","link":"https:\/\/mastorrencito.com\/fr\/bonos-experiencias\/","title":{"rendered":"Bonos experiencias"},"content":{"rendered":"\t\t<div data-elementor-type=\"wp-page\" data-elementor-id=\"1133\" class=\"elementor elementor-1133\" data-elementor-post-type=\"page\">\n\t\t\t\t<div class=\"elementor-element elementor-element-58d03e2 e-flex e-con-boxed e-con e-parent\" data-id=\"58d03e2\" data-element_type=\"container\" data-e-type=\"container\" data-settings=\"{&quot;background_background&quot;:&quot;classic&quot;}\">\n\t\t\t\t\t<div class=\"e-con-inner\">\n\t\t<div class=\"elementor-element elementor-element-b2e6a8a e-con-full e-flex e-con e-child\" data-id=\"b2e6a8a\" data-element_type=\"container\" data-e-type=\"container\" data-settings=\"{&quot;animation&quot;:&quot;none&quot;,&quot;animation_delay&quot;:200}\">\n\t\t\t\t<div class=\"elementor-element elementor-element-2ef46d8 elementor-widget elementor-widget-heading\" data-id=\"2ef46d8\" data-element_type=\"widget\" data-e-type=\"widget\" data-widget_type=\"heading.default\">\n\t\t\t\t\t<h1 class=\"elementor-heading-title elementor-size-default\">Bons d'exp\u00e9rience<h1>Plus de Torrencito<\/h1><\/h1>\t\t\t\t<\/div>\n\t\t\t\t<\/div>\n\t\t\t\t\t<\/div>\n\t\t\t\t<\/div>\n\t\t<div class=\"elementor-element elementor-element-d03b9f5 e-flex e-con-boxed e-con e-parent\" data-id=\"d03b9f5\" data-element_type=\"container\" data-e-type=\"container\" data-settings=\"{&quot;background_background&quot;:&quot;classic&quot;}\">\n\t\t\t\t\t<div class=\"e-con-inner\">\n\t\t<div class=\"elementor-element elementor-element-63fdecf e-con-full e-flex e-con e-child\" data-id=\"63fdecf\" data-element_type=\"container\" data-e-type=\"container\">\n\t\t<div class=\"elementor-element elementor-element-54faa1c e-flex e-con-boxed e-con e-child\" data-id=\"54faa1c\" data-element_type=\"container\" data-e-type=\"container\">\n\t\t\t\t\t<div class=\"e-con-inner\">\n\t\t\t\t<div class=\"elementor-element elementor-element-e04e60c elementor-widget elementor-widget-heading\" data-id=\"e04e60c\" data-element_type=\"widget\" data-e-type=\"widget\" data-widget_type=\"heading.default\">\n\t\t\t\t\t<h2 class=\"elementor-heading-title elementor-size-default\">Bonds Mas Torrencito<\/h2>\t\t\t\t<\/div>\n\t\t\t\t<div class=\"elementor-element elementor-element-e899cfb elementor-widget elementor-widget-heading\" data-id=\"e899cfb\" data-element_type=\"widget\" data-e-type=\"widget\" data-widget_type=\"heading.default\">\n\t\t\t\t\t<h2 class=\"elementor-heading-title elementor-size-default\">Profitez du Mas Torrencito gr\u00e2ce \u00e0 ses offres<\/h2>\t\t\t\t<\/div>\n\t\t\t\t<div class=\"elementor-element elementor-element-3e8aa2f elementor-widget elementor-widget-text-editor\" data-id=\"3e8aa2f\" data-element_type=\"widget\" data-e-type=\"widget\" data-widget_type=\"text-editor.default\">\n\t\t\t\t\t\t\t\t\t<p>Le Mas Torrencito vous offre une exp\u00e9rience compl\u00e8te pour passer vos vacances, une pause ou simplement pour profiter avec vos amis, votre famille et vos animaux de compagnie.<\/p>\t\t\t\t\t\t\t\t<\/div>\n\t\t\t\t\t<\/div>\n\t\t\t\t<\/div>\n\t\t<div class=\"elementor-element elementor-element-fe85ac1 e-flex e-con-boxed e-con e-child\" data-id=\"fe85ac1\" data-element_type=\"container\" data-e-type=\"container\">\n\t\t\t\t\t<div class=\"e-con-inner\">\n\t\t<div class=\"elementor-element elementor-element-26b59e9 e-flex e-con-boxed e-con e-child\" data-id=\"26b59e9\" data-element_type=\"container\" data-e-type=\"container\">\n\t\t\t\t\t<div class=\"e-con-inner\">\n\t\t<div class=\"elementor-element elementor-element-d8565e0 e-flex e-con-boxed e-con e-child\" data-id=\"d8565e0\" data-element_type=\"container\" data-e-type=\"container\" data-settings=\"{&quot;background_background&quot;:&quot;classic&quot;}\">\n\t\t\t\t\t<div class=\"e-con-inner\">\n\t\t\t\t<div class=\"elementor-element elementor-element-b3ae249 elementor-cta--skin-classic elementor-animated-content elementor-bg-transform elementor-bg-transform-zoom-in elementor-widget elementor-widget-call-to-action\" data-id=\"b3ae249\" data-element_type=\"widget\" data-e-type=\"widget\" data-widget_type=\"call-to-action.default\">\n\t\t\t\t\t\t\t<div class=\"elementor-cta\">\n\t\t\t\t\t<div class=\"elementor-cta__bg-wrapper\">\n\t\t\t\t<div class=\"elementor-cta__bg elementor-bg\" style=\"background-image: url(https:\/\/mastorrencito.com\/fr\/wp-content\/uploads\/sites\/4\/Bono-oferta-jubilados.webp);\" role=\"img\" aria-label=\"Bono oferta jubilados\"><\/div>\n\t\t\t\t<div class=\"elementor-cta__bg-overlay\"><\/div>\n\t\t\t<\/div>\n\t\t\t\t\t\t\t<div class=\"elementor-cta__content\">\n\t\t\t\t\n\t\t\t\t\t\t\t\t\t<h2 class=\"elementor-cta__title elementor-cta__content-item elementor-content-item\">\n\t\t\t\t\t\tOffre pour les retrait\u00e9s\t\t\t\t\t<\/h2>\n\t\t\t\t\n\t\t\t\t\t\t\t\t\t<div class=\"elementor-cta__description elementor-cta__content-item elementor-content-item\">\n\t\t\t\t\t\tSi vous \u00eates retrait\u00e9 et que vous souhaitez passer quelques jours au Mas Torrencito avec votre animal de compagnie, n'h\u00e9sitez pas.\t\t\t\t\t<\/div>\n\t\t\t\t\n\t\t\t\t\t\t\t\t\t<div class=\"elementor-cta__button-wrapper elementor-cta__content-item elementor-content-item \">\n\t\t\t\t\t<a class=\"elementor-cta__button elementor-button elementor-size-\" href=\"https:\/\/shop.avirato.com\/index.php?code=84901729&#038;page=detalles&#038;id_extra=20&#038;lang=es&#038;cat=11\" target=\"_blank\">\n\t\t\t\t\t\tAcheter un bon\t\t\t\t\t<\/a>\n\t\t\t\t\t<\/div>\n\t\t\t\t\t\t\t<\/div>\n\t\t\t\t\t\t<\/div>\n\t\t\t\t\t\t<\/div>\n\t\t\t\t\t<\/div>\n\t\t\t\t<\/div>\n\t\t<div class=\"elementor-element elementor-element-3af902a e-flex e-con-boxed e-con e-child\" data-id=\"3af902a\" data-element_type=\"container\" data-e-type=\"container\">\n\t\t\t\t\t<div class=\"e-con-inner\">\n\t\t\t\t<div class=\"elementor-element elementor-element-0f04730 elementor-cta--skin-classic elementor-animated-content elementor-bg-transform elementor-bg-transform-zoom-in elementor-widget elementor-widget-call-to-action\" data-id=\"0f04730\" data-element_type=\"widget\" data-e-type=\"widget\" data-widget_type=\"call-to-action.default\">\n\t\t\t\t\t\t\t<div class=\"elementor-cta\">\n\t\t\t\t\t<div class=\"elementor-cta__bg-wrapper\">\n\t\t\t\t<div class=\"elementor-cta__bg elementor-bg\" style=\"background-image: url(https:\/\/mastorrencito.com\/fr\/wp-content\/uploads\/sites\/4\/Bono-1-2-o-3-noches-experiencias-Mas-Torrencito-Casa-rural-Pet-Friendly-en-Girona.webp);\" role=\"img\" aria-label=\"Bono 1, 2 o 3 noches experiencias Mas Torrencito Casa rural Pet Friendly en Girona\"><\/div>\n\t\t\t\t<div class=\"elementor-cta__bg-overlay\"><\/div>\n\t\t\t<\/div>\n\t\t\t\t\t\t\t<div class=\"elementor-cta__content\">\n\t\t\t\t\n\t\t\t\t\t\t\t\t\t<h2 class=\"elementor-cta__title elementor-cta__content-item elementor-content-item\">\n\t\t\t\t\t\t1, 2 ou 3 nuits par jour du dimanche au vendredi\t\t\t\t\t<\/h2>\n\t\t\t\t\n\t\t\t\t\t\t\t\t\t<div class=\"elementor-cta__description elementor-cta__content-item elementor-content-item\">\n\t\t\t\t\t\tVenez chaque jour au Mas Torrencito pour 1, 2 ou 3 nuits et profitez du charme de l'Empord\u00e0.\t\t\t\t\t<\/div>\n\t\t\t\t\n\t\t\t\t\t\t\t\t\t<div class=\"elementor-cta__button-wrapper elementor-cta__content-item elementor-content-item \">\n\t\t\t\t\t<a class=\"elementor-cta__button elementor-button elementor-size-\" href=\"https:\/\/shop.avirato.com\/index.php?code=84901729&#038;page=detalles&#038;id_extra=19&#038;lang=es&#038;cat=23\" target=\"_blank\">\n\t\t\t\t\t\tAcheter un bon\t\t\t\t\t<\/a>\n\t\t\t\t\t<\/div>\n\t\t\t\t\t\t\t<\/div>\n\t\t\t\t\t\t<\/div>\n\t\t\t\t\t\t<\/div>\n\t\t\t\t\t<\/div>\n\t\t\t\t<\/div>\n\t\t\t\t\t<\/div>\n\t\t\t\t<\/div>\n\t\t<div class=\"elementor-element elementor-element-02e514c e-flex e-con-boxed e-con e-child\" data-id=\"02e514c\" data-element_type=\"container\" data-e-type=\"container\">\n\t\t\t\t\t<div class=\"e-con-inner\">\n\t\t<div class=\"elementor-element elementor-element-81af34b e-flex e-con-boxed e-con e-child\" data-id=\"81af34b\" data-element_type=\"container\" data-e-type=\"container\" data-settings=\"{&quot;background_background&quot;:&quot;classic&quot;}\">\n\t\t\t\t\t<div class=\"e-con-inner\">\n\t\t\t\t<div class=\"elementor-element elementor-element-2ba35d5 elementor-cta--skin-classic elementor-animated-content elementor-bg-transform elementor-bg-transform-zoom-in elementor-widget elementor-widget-call-to-action\" data-id=\"2ba35d5\" data-element_type=\"widget\" data-e-type=\"widget\" data-widget_type=\"call-to-action.default\">\n\t\t\t\t\t\t\t<div class=\"elementor-cta\">\n\t\t\t\t\t<div class=\"elementor-cta__bg-wrapper\">\n\t\t\t\t<div class=\"elementor-cta__bg elementor-bg\" style=\"background-image: url(https:\/\/mastorrencito.com\/fr\/wp-content\/uploads\/sites\/4\/Bono-7-noches-experiencias-Mas-Torrencito-Casa-rural-Pet-Friendly-en-Girona.webp);\" role=\"img\" aria-label=\"Bono 7 noches experiencias Mas Torrencito Casa rural Pet Friendly en Girona\"><\/div>\n\t\t\t\t<div class=\"elementor-cta__bg-overlay\"><\/div>\n\t\t\t<\/div>\n\t\t\t\t\t\t\t<div class=\"elementor-cta__content\">\n\t\t\t\t\n\t\t\t\t\t\t\t\t\t<h2 class=\"elementor-cta__title elementor-cta__content-item elementor-content-item\">\n\t\t\t\t\t\t7 nuits en A\/D\t\t\t\t\t<\/h2>\n\t\t\t\t\n\t\t\t\t\t\t\t\t\t<div class=\"elementor-cta__description elementor-cta__content-item elementor-content-item\">\n\t\t\t\t\t\tCe bonus est vraiment sp\u00e9cial... Il vous donne la possibilit\u00e9 de l'utiliser en une seule fois ou petit \u00e0 petit.\t\t\t\t\t<\/div>\n\t\t\t\t\n\t\t\t\t\t\t\t\t\t<div class=\"elementor-cta__button-wrapper elementor-cta__content-item elementor-content-item \">\n\t\t\t\t\t<a class=\"elementor-cta__button elementor-button elementor-size-\" href=\"https:\/\/shop.avirato.com\/index.php?code=84901729&#038;page=detalles&#038;id_extra=8&#038;lang=es\" target=\"_blank\">\n\t\t\t\t\t\tAcheter un bon\t\t\t\t\t<\/a>\n\t\t\t\t\t<\/div>\n\t\t\t\t\t\t\t<\/div>\n\t\t\t\t\t\t<\/div>\n\t\t\t\t\t\t<\/div>\n\t\t\t\t\t<\/div>\n\t\t\t\t<\/div>\n\t\t<div class=\"elementor-element elementor-element-46c401d e-flex e-con-boxed e-con e-child\" data-id=\"46c401d\" data-element_type=\"container\" data-e-type=\"container\">\n\t\t\t\t\t<div class=\"e-con-inner\">\n\t\t\t\t<div class=\"elementor-element elementor-element-e5b4e11 elementor-cta--skin-classic elementor-animated-content elementor-bg-transform elementor-bg-transform-zoom-in elementor-widget elementor-widget-call-to-action\" data-id=\"e5b4e11\" data-element_type=\"widget\" data-e-type=\"widget\" data-widget_type=\"call-to-action.default\">\n\t\t\t\t\t\t\t<div class=\"elementor-cta\">\n\t\t\t\t\t<div class=\"elementor-cta__bg-wrapper\">\n\t\t\t\t<div class=\"elementor-cta__bg elementor-bg\" style=\"background-image: url(https:\/\/mastorrencito.com\/fr\/wp-content\/uploads\/sites\/4\/Bono-fin-de-semana-experiencias-Mas-Torrencito-Casa-rural-Pet-Friendly-en-Girona.webp);\" role=\"img\" aria-label=\"Bono fin de semana experiencias Mas Torrencito Casa rural Pet Friendly en Girona\"><\/div>\n\t\t\t\t<div class=\"elementor-cta__bg-overlay\"><\/div>\n\t\t\t<\/div>\n\t\t\t\t\t\t\t<div class=\"elementor-cta__content\">\n\t\t\t\t\n\t\t\t\t\t\t\t\t\t<h2 class=\"elementor-cta__title elementor-cta__content-item elementor-content-item\">\n\t\t\t\t\t\tBon pour le week-end\t\t\t\t\t<\/h2>\n\t\t\t\t\n\t\t\t\t\t\t\t\t\t<div class=\"elementor-cta__description elementor-cta__content-item elementor-content-item\">\n\t\t\t\t\t\tFaites le CADEAU d'un week-end \u00e0 vos amis, \u00e0 votre famille ou \u00e0 votre partenaire ! Offrez MASTORRENCITO et venez d\u00e9couvrir le charme de l'Empord\u00e0.\t\t\t\t\t<\/div>\n\t\t\t\t\n\t\t\t\t\t\t\t\t\t<div class=\"elementor-cta__button-wrapper elementor-cta__content-item elementor-content-item \">\n\t\t\t\t\t<a class=\"elementor-cta__button elementor-button elementor-size-\" href=\"https:\/\/shop.avirato.com\/index.php?code=84901729&#038;page=detalles&#038;id_extra=10&#038;lang=es&#038;cat=29\" target=\"_blank\">\n\t\t\t\t\t\tAcheter un bon\t\t\t\t\t<\/a>\n\t\t\t\t\t<\/div>\n\t\t\t\t\t\t\t<\/div>\n\t\t\t\t\t\t<\/div>\n\t\t\t\t\t\t<\/div>\n\t\t\t\t\t<\/div>\n\t\t\t\t<\/div>\n\t\t\t\t\t<\/div>\n\t\t\t\t<\/div>\n\t\t\t\t\t<\/div>\n\t\t\t\t<\/div>\n\t\t\t\t<\/div>\n\t\t\t\t\t<\/div>\n\t\t\t\t<\/div>\n\t\t\t\t<\/div>\n\t\t","protected":false},"excerpt":{"rendered":"<p>Bons d&#8217;exp\u00e9rience Plus de Torrencito Bonds Mas Torrencito Profitez du Mas Torrencito gr\u00e2ce \u00e0 ses offres Le Mas Torrencito vous offre une exp\u00e9rience compl\u00e8te pour passer vos vacances, une pause ou simplement pour profiter avec vos amis, votre famille et vos animaux de compagnie. Offre pour les retrait\u00e9s Si vous \u00eates retrait\u00e9 et que vous [&hellip;]<\/p>\n","protected":false},"author":1,"featured_media":0,"parent":0,"menu_order":0,"comment_status":"closed","ping_status":"closed","template":"elementor_header_footer","meta":{"footnotes":""},"class_list":["post-1133","page","type-page","status-publish","hentry"],"yoast_head":"<!-- This site is optimized with the Yoast SEO Premium plugin v27.3 (Yoast SEO v27.3) - https:\/\/yoast.com\/product\/yoast-seo-premium-wordpress\/ -->\n<title>Bonos experiencias - Mas Torrencito FR<\/title>\n<meta name=\"description\" content=\"Mas Torrencito te ofrece bonos experiencia para tus vacaciones, descanso o simplemente para disfrutar con tus amigos, familia y mascota.\" \/>\n<meta name=\"robots\" content=\"index, follow, max-snippet:-1, max-image-preview:large, max-video-preview:-1\" \/>\n<link rel=\"canonical\" href=\"https:\/\/mastorrencito.com\/bonos-experiencias\/\" \/>\n<meta property=\"og:locale\" content=\"es_ES\" \/>\n<meta property=\"og:type\" content=\"article\" \/>\n<meta property=\"og:title\" content=\"Bonos experiencias\" \/>\n<meta property=\"og:description\" content=\"Mas Torrencito te ofrece bonos experiencia para tus vacaciones, descanso o simplemente para disfrutar con tus amigos, familia y mascota.\" \/>\n<meta property=\"og:url\" content=\"https:\/\/mastorrencito.com\/bonos-experiencias\/\" \/>\n<meta property=\"og:site_name\" content=\"Mas Torrencito FR\" \/>\n<meta property=\"article:modified_time\" content=\"2024-06-07T11:42:22+00:00\" \/>\n<meta name=\"twitter:card\" content=\"summary_large_image\" \/>\n<meta name=\"twitter:label1\" content=\"Tiempo de lectura\" \/>\n\t<meta name=\"twitter:data1\" content=\"1 minuto\" \/>\n<script type=\"application\/ld+json\" class=\"yoast-schema-graph\">{\"@context\":\"https:\\\/\\\/schema.org\",\"@graph\":[{\"@type\":\"WebPage\",\"@id\":\"https:\\\/\\\/mastorrencito.com\\\/bonos-experiencias\\\/\",\"url\":\"https:\\\/\\\/mastorrencito.com\\\/bonos-experiencias\\\/\",\"name\":\"Bonos experiencias - Mas Torrencito FR\",\"isPartOf\":{\"@id\":\"https:\\\/\\\/mastorrencito.com\\\/#website\"},\"datePublished\":\"2024-04-22T14:47:23+00:00\",\"dateModified\":\"2024-06-07T11:42:22+00:00\",\"description\":\"Mas Torrencito te ofrece bonos experiencia para tus vacaciones, descanso o simplemente para disfrutar con tus amigos, familia y mascota.\",\"breadcrumb\":{\"@id\":\"https:\\\/\\\/mastorrencito.com\\\/bonos-experiencias\\\/#breadcrumb\"},\"inLanguage\":\"es\",\"potentialAction\":[{\"@type\":\"ReadAction\",\"target\":[\"https:\\\/\\\/mastorrencito.com\\\/bonos-experiencias\\\/\"]}]},{\"@type\":\"BreadcrumbList\",\"@id\":\"https:\\\/\\\/mastorrencito.com\\\/bonos-experiencias\\\/#breadcrumb\",\"itemListElement\":[{\"@type\":\"ListItem\",\"position\":1,\"name\":\"Portada\",\"item\":\"https:\\\/\\\/mastorrencito.com\\\/\"},{\"@type\":\"ListItem\",\"position\":2,\"name\":\"Bonos experiencias\"}]},{\"@type\":\"WebSite\",\"@id\":\"https:\\\/\\\/mastorrencito.com\\\/#website\",\"url\":\"https:\\\/\\\/mastorrencito.com\\\/\",\"name\":\"Mas Torrencito FR\",\"description\":\"Casa rural pet friendly en Girona\",\"publisher\":{\"@id\":\"https:\\\/\\\/mastorrencito.com\\\/#organization\"},\"potentialAction\":[{\"@type\":\"SearchAction\",\"target\":{\"@type\":\"EntryPoint\",\"urlTemplate\":\"https:\\\/\\\/mastorrencito.com\\\/?s={search_term_string}\"},\"query-input\":{\"@type\":\"PropertyValueSpecification\",\"valueRequired\":true,\"valueName\":\"search_term_string\"}}],\"inLanguage\":\"es\"},{\"@type\":\"Organization\",\"@id\":\"https:\\\/\\\/mastorrencito.com\\\/#organization\",\"name\":\"Mas Torrencito FR\",\"url\":\"https:\\\/\\\/mastorrencito.com\\\/\",\"logo\":{\"@type\":\"ImageObject\",\"inLanguage\":\"es\",\"@id\":\"https:\\\/\\\/mastorrencito.com\\\/#\\\/schema\\\/logo\\\/image\\\/\",\"url\":\"https:\\\/\\\/mastorrencito.com\\\/fr\\\/wp-content\\\/uploads\\\/sites\\\/4\\\/Logo-Mastorrencito-horizontal.webp\",\"contentUrl\":\"https:\\\/\\\/mastorrencito.com\\\/fr\\\/wp-content\\\/uploads\\\/sites\\\/4\\\/Logo-Mastorrencito-horizontal.webp\",\"width\":161,\"height\":54,\"caption\":\"Mas Torrencito FR\"},\"image\":{\"@id\":\"https:\\\/\\\/mastorrencito.com\\\/#\\\/schema\\\/logo\\\/image\\\/\"}}]}<\/script>\n<!-- \/ Yoast SEO Premium plugin. -->","yoast_head_json":{"title":"Bonos experiencias - Mas Torrencito FR","description":"Mas Torrencito te ofrece bonos experiencia para tus vacaciones, descanso o simplemente para disfrutar con tus amigos, familia y mascota.","robots":{"index":"index","follow":"follow","max-snippet":"max-snippet:-1","max-image-preview":"max-image-preview:large","max-video-preview":"max-video-preview:-1"},"canonical":"https:\/\/mastorrencito.com\/bonos-experiencias\/","og_locale":"es_ES","og_type":"article","og_title":"Bonos experiencias","og_description":"Mas Torrencito te ofrece bonos experiencia para tus vacaciones, descanso o simplemente para disfrutar con tus amigos, familia y mascota.","og_url":"https:\/\/mastorrencito.com\/bonos-experiencias\/","og_site_name":"Mas Torrencito FR","article_modified_time":"2024-06-07T11:42:22+00:00","twitter_card":"summary_large_image","twitter_misc":{"Tiempo de lectura":"1 minuto"},"schema":{"@context":"https:\/\/schema.org","@graph":[{"@type":"WebPage","@id":"https:\/\/mastorrencito.com\/bonos-experiencias\/","url":"https:\/\/mastorrencito.com\/bonos-experiencias\/","name":"Bonos experiencias - Mas Torrencito FR","isPartOf":{"@id":"https:\/\/mastorrencito.com\/#website"},"datePublished":"2024-04-22T14:47:23+00:00","dateModified":"2024-06-07T11:42:22+00:00","description":"Mas Torrencito te ofrece bonos experiencia para tus vacaciones, descanso o simplemente para disfrutar con tus amigos, familia y mascota.","breadcrumb":{"@id":"https:\/\/mastorrencito.com\/bonos-experiencias\/#breadcrumb"},"inLanguage":"es","potentialAction":[{"@type":"ReadAction","target":["https:\/\/mastorrencito.com\/bonos-experiencias\/"]}]},{"@type":"BreadcrumbList","@id":"https:\/\/mastorrencito.com\/bonos-experiencias\/#breadcrumb","itemListElement":[{"@type":"ListItem","position":1,"name":"Portada","item":"https:\/\/mastorrencito.com\/"},{"@type":"ListItem","position":2,"name":"Bonos experiencias"}]},{"@type":"WebSite","@id":"https:\/\/mastorrencito.com\/#website","url":"https:\/\/mastorrencito.com\/","name":"Mas Torrencito FR","description":"Casa rural pet friendly en Girona","publisher":{"@id":"https:\/\/mastorrencito.com\/#organization"},"potentialAction":[{"@type":"SearchAction","target":{"@type":"EntryPoint","urlTemplate":"https:\/\/mastorrencito.com\/?s={search_term_string}"},"query-input":{"@type":"PropertyValueSpecification","valueRequired":true,"valueName":"search_term_string"}}],"inLanguage":"es"},{"@type":"Organization","@id":"https:\/\/mastorrencito.com\/#organization","name":"Mas Torrencito FR","url":"https:\/\/mastorrencito.com\/","logo":{"@type":"ImageObject","inLanguage":"es","@id":"https:\/\/mastorrencito.com\/#\/schema\/logo\/image\/","url":"https:\/\/mastorrencito.com\/fr\/wp-content\/uploads\/sites\/4\/Logo-Mastorrencito-horizontal.webp","contentUrl":"https:\/\/mastorrencito.com\/fr\/wp-content\/uploads\/sites\/4\/Logo-Mastorrencito-horizontal.webp","width":161,"height":54,"caption":"Mas Torrencito FR"},"image":{"@id":"https:\/\/mastorrencito.com\/#\/schema\/logo\/image\/"}}]}},"_links":{"self":[{"href":"https:\/\/mastorrencito.com\/fr\/wp-json\/wp\/v2\/pages\/1133","targetHints":{"allow":["GET"]}}],"collection":[{"href":"https:\/\/mastorrencito.com\/fr\/wp-json\/wp\/v2\/pages"}],"about":[{"href":"https:\/\/mastorrencito.com\/fr\/wp-json\/wp\/v2\/types\/page"}],"author":[{"embeddable":true,"href":"https:\/\/mastorrencito.com\/fr\/wp-json\/wp\/v2\/users\/1"}],"replies":[{"embeddable":true,"href":"https:\/\/mastorrencito.com\/fr\/wp-json\/wp\/v2\/comments?post=1133"}],"version-history":[{"count":104,"href":"https:\/\/mastorrencito.com\/fr\/wp-json\/wp\/v2\/pages\/1133\/revisions"}],"predecessor-version":[{"id":1934,"href":"https:\/\/mastorrencito.com\/fr\/wp-json\/wp\/v2\/pages\/1133\/revisions\/1934"}],"wp:attachment":[{"href":"https:\/\/mastorrencito.com\/fr\/wp-json\/wp\/v2\/media?parent=1133"}],"curies":[{"name":"wp","href":"https:\/\/api.w.org\/{rel}","templated":true}]}}