{"id":1601,"date":"2024-01-15T12:17:03","date_gmt":"2024-01-15T12:17:03","guid":{"rendered":"https:\/\/mastorrencito.com\/habitaciones-adaptadas-para-mascotas-2\/"},"modified":"2025-05-02T10:38:04","modified_gmt":"2025-05-02T10:38:04","slug":"lalt-emporda","status":"publish","type":"page","link":"https:\/\/mastorrencito.com\/cat\/lalt-emporda\/","title":{"rendered":"L\u00b4Alt Empord\u00e0"},"content":{"rendered":"\t\t<div data-elementor-type=\"wp-page\" data-elementor-id=\"1601\" class=\"elementor elementor-1601\" data-elementor-post-type=\"page\">\n\t\t\t\t<div class=\"elementor-element elementor-element-444e881c e-flex e-con-boxed e-con e-parent\" data-id=\"444e881c\" data-element_type=\"container\" data-e-type=\"container\" data-settings=\"{&quot;background_background&quot;:&quot;classic&quot;}\">\n\t\t\t\t\t<div class=\"e-con-inner\">\n\t\t<div class=\"elementor-element elementor-element-5246733 e-con-full e-flex e-con e-child\" data-id=\"5246733\" data-element_type=\"container\" data-e-type=\"container\" data-settings=\"{&quot;animation&quot;:&quot;none&quot;,&quot;animation_delay&quot;:200}\">\n\t\t\t\t<div class=\"elementor-element elementor-element-f2a0265 elementor-widget elementor-widget-heading\" data-id=\"f2a0265\" data-element_type=\"widget\" data-e-type=\"widget\" data-widget_type=\"heading.default\">\n\t\t\t\t\t<h1 class=\"elementor-heading-title elementor-size-default\">L\u00b4Alt Empord\u00e0<\/h1>\t\t\t\t<\/div>\n\t\t\t\t<\/div>\n\t\t\t\t\t<\/div>\n\t\t\t\t<\/div>\n\t\t<div class=\"elementor-element elementor-element-5d67fe6 e-flex e-con-boxed e-con e-parent\" data-id=\"5d67fe6\" data-element_type=\"container\" data-e-type=\"container\">\n\t\t\t\t\t<div class=\"e-con-inner\">\n\t\t\t\t<div class=\"elementor-element elementor-element-0f2bdf8 elementor-widget elementor-widget-heading\" data-id=\"0f2bdf8\" data-element_type=\"widget\" data-e-type=\"widget\" data-widget_type=\"heading.default\">\n\t\t\t\t\t<h2 class=\"elementor-heading-title elementor-size-default\">Comarca de L\u00b4Alt Empord\u00e0<\/h2>\t\t\t\t<\/div>\n\t\t\t\t<div class=\"elementor-element elementor-element-a0ae55c elementor-widget elementor-widget-heading\" data-id=\"a0ae55c\" data-element_type=\"widget\" data-e-type=\"widget\" data-widget_type=\"heading.default\">\n\t\t\t\t\t<h3 class=\"elementor-heading-title elementor-size-default\">Sum\u00e9rgete en su cautivadora belleza<\/h3>\t\t\t\t<\/div>\n\t\t\t\t<div class=\"elementor-element elementor-element-0bd6b79 elementor-widget elementor-widget-text-editor\" data-id=\"0bd6b79\" data-element_type=\"widget\" data-e-type=\"widget\" data-widget_type=\"text-editor.default\">\n\t\t\t\t\t\t\t\t\t<p>Els carrers empedrats t&#8217;inviten a perdre&#8217;t entre els seus racons plens d&#8217;hist\u00f2ria. Aquesta regi\u00f3, banyada pel mar Mediterrani i abra\u00e7ada pels Pirineus, ofereix una experi\u00e8ncia \u00fanica que captiva a qui la visita.<\/p><p>Els paisatges de<strong> l&#8217;Alt Empord\u00e0 <\/strong>conviden a explorar a peu, en bicicleta o fins i tot a cavall, oferint una connexi\u00f3 profunda amb la natura.<\/p>\t\t\t\t\t\t\t\t<\/div>\n\t\t\t\t\t<\/div>\n\t\t\t\t<\/div>\n\t\t<div class=\"elementor-element elementor-element-e67f0bf e-con-full e-flex e-con e-parent\" data-id=\"e67f0bf\" data-element_type=\"container\" data-e-type=\"container\">\n\t\t<div class=\"elementor-element elementor-element-c2f974c e-con-full e-flex e-con e-child\" data-id=\"c2f974c\" data-element_type=\"container\" data-e-type=\"container\" data-settings=\"{&quot;background_background&quot;:&quot;classic&quot;}\">\n\t\t\t\t<\/div>\n\t\t<div class=\"elementor-element elementor-element-ca0fedd e-con-full e-flex e-con e-child\" data-id=\"ca0fedd\" data-element_type=\"container\" data-e-type=\"container\">\n\t\t\t\t<div class=\"elementor-element elementor-element-37bc967 elementor-widget elementor-widget-heading\" data-id=\"37bc967\" data-element_type=\"widget\" data-e-type=\"widget\" data-widget_type=\"heading.default\">\n\t\t\t\t\t<h2 class=\"elementor-heading-title elementor-size-default\">L'Escala<\/h2>\t\t\t\t<\/div>\n\t\t\t\t<div class=\"elementor-element elementor-element-047d81f elementor-widget elementor-widget-heading\" data-id=\"047d81f\" data-element_type=\"widget\" data-e-type=\"widget\" data-widget_type=\"heading.default\">\n\t\t\t\t\t<h3 class=\"elementor-heading-title elementor-size-default\">Platjes de sorra daurada i aig\u00fces cristal\u00b7lines<\/h3>\t\t\t\t<\/div>\n\t\t\t\t<div class=\"elementor-element elementor-element-5acc6ad elementor-widget elementor-widget-text-editor\" data-id=\"5acc6ad\" data-element_type=\"widget\" data-e-type=\"widget\" data-widget_type=\"text-editor.default\">\n\t\t\t\t\t\t\t\t\t<p>Situada a la Costa Brava, \u00e9s un parad\u00eds per als amants del mar i la gastronomia mediterr\u00e0nia. Les seves platges d&#8217;aig\u00fces cristal\u00b7lines s\u00f3n ideals per relaxar-se i gaudir del sol, mentre que els aficionats als esports aqu\u00e0tics troben a les seves costes l&#8217;escenari perfecte per practicar surf, windsurf i busseig. A m\u00e9s, l&#8217;Escala \u00e9s coneguda per la seva deliciosa cuina marinera, on els plats de peix i marisc fresc s\u00f3n protagonistes indiscutibles.<\/p>\t\t\t\t\t\t\t\t<\/div>\n\t\t\t\t<\/div>\n\t\t\t\t<\/div>\n\t\t<div class=\"elementor-element elementor-element-5fd38a4 e-con-full e-flex e-con e-parent\" data-id=\"5fd38a4\" data-element_type=\"container\" data-e-type=\"container\">\n\t\t<div class=\"elementor-element elementor-element-165546d e-con-full e-flex e-con e-child\" data-id=\"165546d\" data-element_type=\"container\" data-e-type=\"container\">\n\t\t\t\t<div class=\"elementor-element elementor-element-ba6a39e elementor-widget elementor-widget-heading\" data-id=\"ba6a39e\" data-element_type=\"widget\" data-e-type=\"widget\" data-widget_type=\"heading.default\">\n\t\t\t\t\t<h2 class=\"elementor-heading-title elementor-size-default\">Figueres<\/h2>\t\t\t\t<\/div>\n\t\t\t\t<div class=\"elementor-element elementor-element-1adc7f6 elementor-widget elementor-widget-heading\" data-id=\"1adc7f6\" data-element_type=\"widget\" data-e-type=\"widget\" data-widget_type=\"heading.default\">\n\t\t\t\t\t<h3 class=\"elementor-heading-title elementor-size-default\">Imprescindible per als amants de l'art surrealista<\/h3>\t\t\t\t<\/div>\n\t\t\t\t<div class=\"elementor-element elementor-element-22072b0 elementor-widget elementor-widget-text-editor\" data-id=\"22072b0\" data-element_type=\"widget\" data-e-type=\"widget\" data-widget_type=\"text-editor.default\">\n\t\t\t\t\t\t\t\t\t<p>Coneixuda com la ciutat natal de Salvador Dal\u00ed, aqu\u00ed trobem el Teatre-Museu dissenyat pel mateix artista, un monument al seu geni creatiu que alberga una col\u00b7lecci\u00f3 extraordin\u00e0ria de les seves obres m\u00e9s ic\u00f2niques. A m\u00e9s, passejar pels pintorescs carrers de Figueres revela el seu ric patrimoni arquitect\u00f2nic, on es fusionen influ\u00e8ncies g\u00f2tiques, renaixentistes i modernistes.<\/p>\t\t\t\t\t\t\t\t<\/div>\n\t\t\t\t<\/div>\n\t\t<div class=\"elementor-element elementor-element-e0d8c5b e-con-full e-flex e-con e-child\" data-id=\"e0d8c5b\" data-element_type=\"container\" data-e-type=\"container\" data-settings=\"{&quot;background_background&quot;:&quot;classic&quot;}\">\n\t\t\t\t<\/div>\n\t\t\t\t<\/div>\n\t\t<div class=\"elementor-element elementor-element-2515c76 e-con-full e-flex e-con e-parent\" data-id=\"2515c76\" data-element_type=\"container\" data-e-type=\"container\">\n\t\t<div class=\"elementor-element elementor-element-2e28b92 e-con-full e-flex e-con e-child\" data-id=\"2e28b92\" data-element_type=\"container\" data-e-type=\"container\" data-settings=\"{&quot;background_background&quot;:&quot;classic&quot;}\">\n\t\t\t\t<\/div>\n\t\t<div class=\"elementor-element elementor-element-8eacef0 e-con-full e-flex e-con e-child\" data-id=\"8eacef0\" data-element_type=\"container\" data-e-type=\"container\">\n\t\t\t\t<div class=\"elementor-element elementor-element-526233e elementor-widget elementor-widget-heading\" data-id=\"526233e\" data-element_type=\"widget\" data-e-type=\"widget\" data-widget_type=\"heading.default\">\n\t\t\t\t\t<h2 class=\"elementor-heading-title elementor-size-default\">Girona<\/h2>\t\t\t\t<\/div>\n\t\t\t\t<div class=\"elementor-element elementor-element-b18472d elementor-widget elementor-widget-heading\" data-id=\"b18472d\" data-element_type=\"widget\" data-e-type=\"widget\" data-widget_type=\"heading.default\">\n\t\t\t\t\t<h3 class=\"elementor-heading-title elementor-size-default\">Atmosfera m\u00edstica i encantadora<\/h3>\t\t\t\t<\/div>\n\t\t\t\t<div class=\"elementor-element elementor-element-9a67b67 elementor-widget elementor-widget-text-editor\" data-id=\"9a67b67\" data-element_type=\"widget\" data-e-type=\"widget\" data-widget_type=\"text-editor.default\">\n\t\t\t\t\t\t\t\t\t<p style=\"text-align: justify;\">Girona \u00e9s coneguda per la seva vibrant escena cultural, que inclou festivals de m\u00fasica, teatre i gastronomia al llarg de tot l&#8217;any.<\/p><p style=\"text-align: justify;\">Passejar pel seu impressionant nucli antic, al costat de la seva imponent catedral o per les seves muralles medievals, ofereix una experi\u00e8ncia \u00fanica i inoblidable que promet deixar una petjada perdurable en qui les visita.<\/p>\t\t\t\t\t\t\t\t<\/div>\n\t\t\t\t<\/div>\n\t\t\t\t<\/div>\n\t\t<div class=\"elementor-element elementor-element-58194fb e-con-full e-flex e-con e-parent\" data-id=\"58194fb\" data-element_type=\"container\" data-e-type=\"container\">\n\t\t<div class=\"elementor-element elementor-element-a0e949f e-con-full e-flex e-con e-child\" data-id=\"a0e949f\" data-element_type=\"container\" data-e-type=\"container\">\n\t\t\t\t<div class=\"elementor-element elementor-element-4a02e16 elementor-widget elementor-widget-heading\" data-id=\"4a02e16\" data-element_type=\"widget\" data-e-type=\"widget\" data-widget_type=\"heading.default\">\n\t\t\t\t\t<h2 class=\"elementor-heading-title elementor-size-default\">Besal\u00fa<\/h2>\t\t\t\t<\/div>\n\t\t\t\t<div class=\"elementor-element elementor-element-6d8b210 elementor-widget elementor-widget-heading\" data-id=\"6d8b210\" data-element_type=\"widget\" data-e-type=\"widget\" data-widget_type=\"heading.default\">\n\t\t\t\t\t<h3 class=\"elementor-heading-title elementor-size-default\">Un viatge a l'Edat Mitjana<\/h3>\t\t\t\t<\/div>\n\t\t\t\t<div class=\"elementor-element elementor-element-bffa3d3 elementor-widget elementor-widget-text-editor\" data-id=\"bffa3d3\" data-element_type=\"widget\" data-e-type=\"widget\" data-widget_type=\"text-editor.default\">\n\t\t\t\t\t\t\t\t\t<p>Aquesta encantadora vila medieval, declarada Conjunt Hist\u00f2ric-Art\u00edstic, \u00e9s un laberint de carrerons empedrats, places pintoresques i edificis hist\u00f2rics que narren segles d&#8217;hist\u00f2ria. El pont, que travessa el riu Fluvi\u00e0, \u00e9s un monument emblem\u00e0tic i un dels millors exemples d&#8217;arquitectura rom\u00e0nica a Catalunya.<\/p>\t\t\t\t\t\t\t\t<\/div>\n\t\t\t\t<\/div>\n\t\t<div class=\"elementor-element elementor-element-83aa2aa e-con-full e-flex e-con e-child\" data-id=\"83aa2aa\" data-element_type=\"container\" data-e-type=\"container\" data-settings=\"{&quot;background_background&quot;:&quot;classic&quot;}\">\n\t\t\t\t<\/div>\n\t\t\t\t<\/div>\n\t\t\t\t<\/div>\n\t\t","protected":false},"excerpt":{"rendered":"<p>L\u00b4Alt Empord\u00e0 Comarca de L\u00b4Alt Empord\u00e0 Sum\u00e9rgete en su cautivadora belleza Els carrers empedrats t&#8217;inviten a perdre&#8217;t entre els seus racons plens d&#8217;hist\u00f2ria. Aquesta regi\u00f3, banyada pel mar Mediterrani i abra\u00e7ada pels Pirineus, ofereix una experi\u00e8ncia \u00fanica que captiva a qui la visita. Els paisatges de l&#8217;Alt Empord\u00e0 conviden a explorar a peu, en bicicleta [&hellip;]<\/p>\n","protected":false},"author":1,"featured_media":0,"parent":0,"menu_order":0,"comment_status":"closed","ping_status":"closed","template":"elementor_header_footer","meta":{"_acf_changed":false,"footnotes":""},"class_list":["post-1601","page","type-page","status-publish","hentry"],"yoast_head":"<!-- This site is optimized with the Yoast SEO Premium plugin v27.3 (Yoast SEO v27.4) - https:\/\/yoast.com\/product\/yoast-seo-premium-wordpress\/ -->\n<title>L\u00b4Alt Empord\u00e0 - Mas Torrencito CAT<\/title>\n<meta name=\"description\" content=\"Sum\u00e9rgete en la cautivadora belleza de la comarca de L\u00b4Alt Empord\u00e0 conocida por sus pueblos encantadores y calles empedradas.\" \/>\n<meta name=\"robots\" content=\"index, follow, max-snippet:-1, max-image-preview:large, max-video-preview:-1\" \/>\n<link rel=\"canonical\" href=\"https:\/\/mastorrencito.com\/lalt-emporda\/\" \/>\n<meta property=\"og:locale\" content=\"es_ES\" \/>\n<meta property=\"og:type\" content=\"article\" \/>\n<meta property=\"og:title\" content=\"L\u00b4Alt Empord\u00e0\" \/>\n<meta property=\"og:description\" content=\"Sum\u00e9rgete en la cautivadora belleza de la comarca de L\u00b4Alt Empord\u00e0 conocida por sus pueblos encantadores y calles empedradas.\" \/>\n<meta property=\"og:url\" content=\"https:\/\/mastorrencito.com\/lalt-emporda\/\" \/>\n<meta property=\"og:site_name\" content=\"Mas Torrencito CAT\" \/>\n<meta property=\"article:modified_time\" content=\"2025-05-02T10:38:04+00:00\" \/>\n<meta name=\"twitter:card\" content=\"summary_large_image\" \/>\n<meta name=\"twitter:label1\" content=\"Tiempo de lectura\" \/>\n\t<meta name=\"twitter:data1\" content=\"2 minutos\" \/>\n<script type=\"application\/ld+json\" class=\"yoast-schema-graph\">{\"@context\":\"https:\\\/\\\/schema.org\",\"@graph\":[{\"@type\":\"WebPage\",\"@id\":\"https:\\\/\\\/mastorrencito.com\\\/lalt-emporda\\\/\",\"url\":\"https:\\\/\\\/mastorrencito.com\\\/lalt-emporda\\\/\",\"name\":\"L\u00b4Alt Empord\u00e0 - Mas Torrencito CAT\",\"isPartOf\":{\"@id\":\"https:\\\/\\\/mastorrencito.com\\\/#website\"},\"datePublished\":\"2024-01-15T12:17:03+00:00\",\"dateModified\":\"2025-05-02T10:38:04+00:00\",\"description\":\"Sum\u00e9rgete en la cautivadora belleza de la comarca de L\u00b4Alt Empord\u00e0 conocida por sus pueblos encantadores y calles empedradas.\",\"breadcrumb\":{\"@id\":\"https:\\\/\\\/mastorrencito.com\\\/lalt-emporda\\\/#breadcrumb\"},\"inLanguage\":\"es\",\"potentialAction\":[{\"@type\":\"ReadAction\",\"target\":[\"https:\\\/\\\/mastorrencito.com\\\/lalt-emporda\\\/\"]}]},{\"@type\":\"BreadcrumbList\",\"@id\":\"https:\\\/\\\/mastorrencito.com\\\/lalt-emporda\\\/#breadcrumb\",\"itemListElement\":[{\"@type\":\"ListItem\",\"position\":1,\"name\":\"Portada\",\"item\":\"https:\\\/\\\/mastorrencito.com\\\/\"},{\"@type\":\"ListItem\",\"position\":2,\"name\":\"L\u00b4Alt Empord\u00e0\"}]},{\"@type\":\"WebSite\",\"@id\":\"https:\\\/\\\/mastorrencito.com\\\/#website\",\"url\":\"https:\\\/\\\/mastorrencito.com\\\/\",\"name\":\"Mas Torrencito CAT\",\"description\":\"Casa rural pet friendly en Girona\",\"publisher\":{\"@id\":\"https:\\\/\\\/mastorrencito.com\\\/#organization\"},\"potentialAction\":[{\"@type\":\"SearchAction\",\"target\":{\"@type\":\"EntryPoint\",\"urlTemplate\":\"https:\\\/\\\/mastorrencito.com\\\/?s={search_term_string}\"},\"query-input\":{\"@type\":\"PropertyValueSpecification\",\"valueRequired\":true,\"valueName\":\"search_term_string\"}}],\"inLanguage\":\"es\"},{\"@type\":\"Organization\",\"@id\":\"https:\\\/\\\/mastorrencito.com\\\/#organization\",\"name\":\"Mas Torrencito CAT\",\"url\":\"https:\\\/\\\/mastorrencito.com\\\/\",\"logo\":{\"@type\":\"ImageObject\",\"inLanguage\":\"es\",\"@id\":\"https:\\\/\\\/mastorrencito.com\\\/#\\\/schema\\\/logo\\\/image\\\/\",\"url\":\"https:\\\/\\\/mastorrencito.com\\\/cat\\\/wp-content\\\/uploads\\\/sites\\\/3\\\/Logo-Mastorrencito-horizontal.webp\",\"contentUrl\":\"https:\\\/\\\/mastorrencito.com\\\/cat\\\/wp-content\\\/uploads\\\/sites\\\/3\\\/Logo-Mastorrencito-horizontal.webp\",\"width\":161,\"height\":54,\"caption\":\"Mas Torrencito CAT\"},\"image\":{\"@id\":\"https:\\\/\\\/mastorrencito.com\\\/#\\\/schema\\\/logo\\\/image\\\/\"}}]}<\/script>\n<!-- \/ Yoast SEO Premium plugin. -->","yoast_head_json":{"title":"L\u00b4Alt Empord\u00e0 - Mas Torrencito CAT","description":"Sum\u00e9rgete en la cautivadora belleza de la comarca de L\u00b4Alt Empord\u00e0 conocida por sus pueblos encantadores y calles empedradas.","robots":{"index":"index","follow":"follow","max-snippet":"max-snippet:-1","max-image-preview":"max-image-preview:large","max-video-preview":"max-video-preview:-1"},"canonical":"https:\/\/mastorrencito.com\/lalt-emporda\/","og_locale":"es_ES","og_type":"article","og_title":"L\u00b4Alt Empord\u00e0","og_description":"Sum\u00e9rgete en la cautivadora belleza de la comarca de L\u00b4Alt Empord\u00e0 conocida por sus pueblos encantadores y calles empedradas.","og_url":"https:\/\/mastorrencito.com\/lalt-emporda\/","og_site_name":"Mas Torrencito CAT","article_modified_time":"2025-05-02T10:38:04+00:00","twitter_card":"summary_large_image","twitter_misc":{"Tiempo de lectura":"2 minutos"},"schema":{"@context":"https:\/\/schema.org","@graph":[{"@type":"WebPage","@id":"https:\/\/mastorrencito.com\/lalt-emporda\/","url":"https:\/\/mastorrencito.com\/lalt-emporda\/","name":"L\u00b4Alt Empord\u00e0 - Mas Torrencito CAT","isPartOf":{"@id":"https:\/\/mastorrencito.com\/#website"},"datePublished":"2024-01-15T12:17:03+00:00","dateModified":"2025-05-02T10:38:04+00:00","description":"Sum\u00e9rgete en la cautivadora belleza de la comarca de L\u00b4Alt Empord\u00e0 conocida por sus pueblos encantadores y calles empedradas.","breadcrumb":{"@id":"https:\/\/mastorrencito.com\/lalt-emporda\/#breadcrumb"},"inLanguage":"es","potentialAction":[{"@type":"ReadAction","target":["https:\/\/mastorrencito.com\/lalt-emporda\/"]}]},{"@type":"BreadcrumbList","@id":"https:\/\/mastorrencito.com\/lalt-emporda\/#breadcrumb","itemListElement":[{"@type":"ListItem","position":1,"name":"Portada","item":"https:\/\/mastorrencito.com\/"},{"@type":"ListItem","position":2,"name":"L\u00b4Alt Empord\u00e0"}]},{"@type":"WebSite","@id":"https:\/\/mastorrencito.com\/#website","url":"https:\/\/mastorrencito.com\/","name":"Mas Torrencito CAT","description":"Casa rural pet friendly en Girona","publisher":{"@id":"https:\/\/mastorrencito.com\/#organization"},"potentialAction":[{"@type":"SearchAction","target":{"@type":"EntryPoint","urlTemplate":"https:\/\/mastorrencito.com\/?s={search_term_string}"},"query-input":{"@type":"PropertyValueSpecification","valueRequired":true,"valueName":"search_term_string"}}],"inLanguage":"es"},{"@type":"Organization","@id":"https:\/\/mastorrencito.com\/#organization","name":"Mas Torrencito CAT","url":"https:\/\/mastorrencito.com\/","logo":{"@type":"ImageObject","inLanguage":"es","@id":"https:\/\/mastorrencito.com\/#\/schema\/logo\/image\/","url":"https:\/\/mastorrencito.com\/cat\/wp-content\/uploads\/sites\/3\/Logo-Mastorrencito-horizontal.webp","contentUrl":"https:\/\/mastorrencito.com\/cat\/wp-content\/uploads\/sites\/3\/Logo-Mastorrencito-horizontal.webp","width":161,"height":54,"caption":"Mas Torrencito CAT"},"image":{"@id":"https:\/\/mastorrencito.com\/#\/schema\/logo\/image\/"}}]}},"acf":[],"_links":{"self":[{"href":"https:\/\/mastorrencito.com\/cat\/wp-json\/wp\/v2\/pages\/1601","targetHints":{"allow":["GET"]}}],"collection":[{"href":"https:\/\/mastorrencito.com\/cat\/wp-json\/wp\/v2\/pages"}],"about":[{"href":"https:\/\/mastorrencito.com\/cat\/wp-json\/wp\/v2\/types\/page"}],"author":[{"embeddable":true,"href":"https:\/\/mastorrencito.com\/cat\/wp-json\/wp\/v2\/users\/1"}],"replies":[{"embeddable":true,"href":"https:\/\/mastorrencito.com\/cat\/wp-json\/wp\/v2\/comments?post=1601"}],"version-history":[{"count":65,"href":"https:\/\/mastorrencito.com\/cat\/wp-json\/wp\/v2\/pages\/1601\/revisions"}],"predecessor-version":[{"id":2055,"href":"https:\/\/mastorrencito.com\/cat\/wp-json\/wp\/v2\/pages\/1601\/revisions\/2055"}],"wp:attachment":[{"href":"https:\/\/mastorrencito.com\/cat\/wp-json\/wp\/v2\/media?parent=1601"}],"curies":[{"name":"wp","href":"https:\/\/api.w.org\/{rel}","templated":true}]}}