{"id":1184,"date":"2024-01-15T12:17:03","date_gmt":"2024-01-15T12:17:03","guid":{"rendered":"https:\/\/mastorrencito.com\/pagina-de-inicio-2\/"},"modified":"2024-06-13T08:25:22","modified_gmt":"2024-06-13T08:25:22","slug":"turismo-rural-con-perros","status":"publish","type":"page","link":"https:\/\/mastorrencito.com\/cat\/turismo-rural-con-perros\/","title":{"rendered":"Turismo rural con perros"},"content":{"rendered":"\t\t<div data-elementor-type=\"wp-page\" data-elementor-id=\"1184\" class=\"elementor elementor-1184\" data-elementor-post-type=\"page\">\n\t\t\t\t<div class=\"elementor-element elementor-element-444e881c e-flex e-con-boxed e-con e-parent\" data-id=\"444e881c\" data-element_type=\"container\" data-e-type=\"container\" data-settings=\"{&quot;background_background&quot;:&quot;classic&quot;}\">\n\t\t\t\t\t<div class=\"e-con-inner\">\n\t\t<div class=\"elementor-element elementor-element-5246733 e-con-full e-flex e-con e-child\" data-id=\"5246733\" data-element_type=\"container\" data-e-type=\"container\" data-settings=\"{&quot;animation&quot;:&quot;none&quot;,&quot;animation_delay&quot;:200}\">\n\t\t\t\t<div class=\"elementor-element elementor-element-f2a0265 elementor-widget elementor-widget-heading\" data-id=\"f2a0265\" data-element_type=\"widget\" data-e-type=\"widget\" data-widget_type=\"heading.default\">\n\t\t\t\t\t<h1 class=\"elementor-heading-title elementor-size-default\">TURISME RURAL  <h1>amb gossos<\/h1><\/h1>\t\t\t\t<\/div>\n\t\t\t\t<\/div>\n\t\t<div class=\"elementor-element elementor-element-f89aad3 e-con-full e-flex e-con e-child\" data-id=\"f89aad3\" data-element_type=\"container\" data-e-type=\"container\" data-settings=\"{&quot;animation&quot;:&quot;none&quot;,&quot;animation_delay&quot;:200}\">\n\t\t\t\t<div class=\"elementor-element elementor-element-f4551af elementor-widget elementor-widget-heading\" data-id=\"f4551af\" data-element_type=\"widget\" data-e-type=\"widget\" data-widget_type=\"heading.default\">\n\t\t\t\t\t<h2 class=\"elementor-heading-title elementor-size-default\">ESTALVIA FINS A UN <b>17% <\/b>EN LES TEVES RESERVES A LA NOSTRA WEB OFICIAL <\/h2>\t\t\t\t<\/div>\n\t\t<div class=\"elementor-element elementor-element-d316e3b e-con-full elementor-hidden-mobile elementor-hidden-tablet e-flex e-con e-child\" data-id=\"d316e3b\" data-element_type=\"container\" data-e-type=\"container\" data-settings=\"{&quot;background_background&quot;:&quot;classic&quot;}\">\n\t\t\t\t<div class=\"elementor-element elementor-element-8091fb4 elementor-widget elementor-widget-shortcode\" data-id=\"8091fb4\" data-element_type=\"widget\" data-e-type=\"widget\" data-widget_type=\"shortcode.default\">\n\t\t\t\t\t\t\t<div class=\"elementor-shortcode\">        \r\n<style>\r\n    .avc-calendar.avc-calendar-1 {\r\n        background-color: rgba(226.99, 236.01, 247.02, 0);\r\n        border-width: 0px;\r\n        border-color: rgba(255, 255, 255, 1);\r\n        border-radius: 0px;\r\n    }\r\n\r\n    .avc-calendar.avc-calendar-1>.avc-input {\r\n        background-color: rgba(0.73, 0.73, 0.73, 0);\r\n        border-width: 0px;\r\n        border-color: rgba(255, 255, 255, 1);\r\n        border-radius: 0px;\r\n        color: rgba(255, 255, 255, 1);\r\n        font-size: 14px;\r\n    }\r\n\r\n    .avc-calendar.avc-calendar-1>.avc-input>input {\r\n        font-size: 14px;\r\n    }\r\n\r\n    \/* Separated because of this: https:\/\/stackoverflow.com\/a\/39155868 *\/\r\n    .avc-calendar.avc-calendar-1input::placeholder {\r\n        color: inherit;\r\n        font-size: inherit;\r\n    }\r\n\r\n    .avc-calendar.avc-calendar-1input::-moz-placeholder {\r\n        color: inherit;\r\n        font-size: inherit;\r\n    }\r\n\r\n    .avc-calendar.avc-calendar-1input::-webkit-input-placeholder {\r\n        color: inherit;\r\n        font-size: inherit;\r\n    }\r\n\r\n    .avc-calendar.avc-calendar-1input:-ms-input-placeholder {\r\n        color: inherit;\r\n        font-size: inherit;\r\n    }\r\n\r\n    .avc-calendar.avc-calendar-1input::-ms-input-placeholder {\r\n        color: inherit;\r\n        font-size: inherit;\r\n    }\r\n\r\n    .avc-calendar.avc-calendar-1>.avc-button {\r\n        background-color: rgba(173, 203, 87, 1);\r\n        border-width: 3px 3px 3px 3px;\r\n        border-color: rgba(255, 255, 255, 1);\r\n        border-radius: 0px;\r\n        color: rgba(255,255,255,1);\r\n        font-size: 14px;\r\n    }\r\n\r\n    .avc-calendar.avc-calendar-1>.avc-button:hover {\r\n        background-color: rgba(177,206,95,1);\r\n    }\r\n\r\n    .avc-datepicker.avc-datepicker-1.ui-state-highlight {\r\n        border: 1px solid rgba(173, 203, 87, 1);\r\n        color: rgba(173, 203, 87, 1);\r\n    }\r\n\r\n    .avc-datepicker.avc-datepicker-1.ui-state-highlight:not(.ui-state-active):hover {\r\n        background-color: rgba(243,247,230,1);\r\n    }\r\n\r\n    .avc-datepicker.avc-datepicker-1.ui-datepicker table>tbody>tr>td>a.ui-state-active.ui-state-default {\r\n        border: 1px solid rgba(173, 203, 87, 1) !important;\r\n        background-color: rgba(173, 203, 87, 1) !important;\r\n        color: rgba(255,255,255,1) !important;\r\n    }\r\n<\/style>        \r\n<div class=\"avc-calendar avc-calendar-1 \" data-id=\"1\" id=\"avc-1\" data-categories=\"[]\" data-lang=\"es\">\r\n    <select\r\n        class=\"avc-input avc-establishment avc-establishment-1 \" style=\"display: none;\"\r\n        data-single=\"1\"\r\n        data-default-webcode=\"84901729\"\r\n    >\r\n        <option value=\"\">Establecimientos<\/option>\r\n                <option value=\"84901729\" data-id=\"1\">\r\n            Mastorrencito        <\/option>\r\n            <\/select>\r\n        <label class=\"avc-input\">\r\n                    <i class=\"material-icons\">calendar_today<\/i>\r\n                <input type=\"text\" class=\"avc-arrival\" placeholder=\"Llegada\" readonly data-id=\"1\">\r\n    <\/label>\r\n    <label class=\"avc-input\">\r\n                    <i class=\"material-icons\">calendar_today<\/i>\r\n                <input type=\"text\" class=\"avc-departure\" placeholder=\"Salida\" readonly data-id=\"1\">\r\n    <\/label>\r\n    <label class=\"avc-input\" style=\"display: block;\">\r\n        <input type=\"text\" class=\"avc-promotion\" placeholder=\"C\u00f3digo promocional\" value=\"\">\r\n    <\/label>\r\n    <button class=\"avc-button\" onclick=\"go_to_bengine(1)\" >Reservar<\/button>\r\n    <input type=\"hidden\" id=\"avinput_san\" value=\"true\">\r\n    <input type=\"hidden\" id=\"avinput_zones\" value=\"false\">\r\n<\/div><\/div>\n\t\t\t\t\t\t<\/div>\n\t\t\t\t<\/div>\n\t\t\t\t<\/div>\n\t\t\t\t\t<\/div>\n\t\t\t\t<\/div>\n\t\t<div class=\"elementor-element elementor-element-5d67fe6 e-flex e-con-boxed e-con e-parent\" data-id=\"5d67fe6\" data-element_type=\"container\" data-e-type=\"container\">\n\t\t\t\t\t<div class=\"e-con-inner\">\n\t\t\t\t<div class=\"elementor-element elementor-element-0f2bdf8 elementor-widget elementor-widget-heading\" data-id=\"0f2bdf8\" data-element_type=\"widget\" data-e-type=\"widget\" data-widget_type=\"heading.default\">\n\t\t\t\t\t<h3 class=\"elementor-heading-title elementor-size-default\">TURISME RURAL AMB GOSSOS A MAS TORRENCITO<\/h3>\t\t\t\t<\/div>\n\t\t\t\t<div class=\"elementor-element elementor-element-a0ae55c elementor-widget elementor-widget-heading\" data-id=\"a0ae55c\" data-element_type=\"widget\" data-e-type=\"widget\" data-widget_type=\"heading.default\">\n\t\t\t\t\t<h2 class=\"elementor-heading-title elementor-size-default\">La millor casa rural de Girona per anar amb la teva mascota<\/h2>\t\t\t\t<\/div>\n\t\t\t\t<div class=\"elementor-element elementor-element-0bd6b79 elementor-widget elementor-widget-text-editor\" data-id=\"0bd6b79\" data-element_type=\"widget\" data-e-type=\"widget\" data-widget_type=\"text-editor.default\">\n\t\t\t\t\t\t\t\t\t<p>Mas Torrencito es compon de 7 hect\u00e0rees envoltades de boscos on trobar\u00e0s zones enjardinades, porxos, jocs de taula, ping pong, piscina climatitzada, aparcament, wifi d\u2019alta velocitat fins i tot a la piscina.<\/p><p>A Mas Torrencito ens envolta un silenci que nom\u00e9s es trenca amb el pas de la tramuntana, el so dels arbres, la pluja o el murmuri del nostre rierol d\u2019aig\u00fces transparents&#8230;<\/p><p>En la nostra filosofia, els animals s\u00f3n la nostra prioritat i sempre s\u00f3n benvinguts.<\/p>\t\t\t\t\t\t\t\t<\/div>\n\t\t\t\t\t<\/div>\n\t\t\t\t<\/div>\n\t\t<div class=\"elementor-element elementor-element-bbce2fc e-con-full e-flex e-con e-parent\" data-id=\"bbce2fc\" data-element_type=\"container\" data-e-type=\"container\">\n\t\t<div class=\"elementor-element elementor-element-9ca829a e-con-full e-flex e-con e-child\" data-id=\"9ca829a\" data-element_type=\"container\" data-e-type=\"container\" data-settings=\"{&quot;background_background&quot;:&quot;classic&quot;}\">\n\t\t\t\t<\/div>\n\t\t<div class=\"elementor-element elementor-element-cadfd7d e-con-full e-flex e-con e-child\" data-id=\"cadfd7d\" data-element_type=\"container\" data-e-type=\"container\">\n\t\t\t\t<div class=\"elementor-element elementor-element-c116655 elementor-widget elementor-widget-heading\" data-id=\"c116655\" data-element_type=\"widget\" data-e-type=\"widget\" data-widget_type=\"heading.default\">\n\t\t\t\t\t<h2 class=\"elementor-heading-title elementor-size-default\">EL JARD\u00cd DE LA CASA RURAL<\/h2>\t\t\t\t<\/div>\n\t\t\t\t<div class=\"elementor-element elementor-element-25cfbde0 elementor-widget elementor-widget-heading\" data-id=\"25cfbde0\" data-element_type=\"widget\" data-e-type=\"widget\" data-widget_type=\"heading.default\">\n\t\t\t\t\t<h3 class=\"elementor-heading-title elementor-size-default\">Llocs secrets per descobrir<\/h3>\t\t\t\t<\/div>\n\t\t\t\t<div class=\"elementor-element elementor-element-7fa0200 elementor-widget elementor-widget-text-editor\" data-id=\"7fa0200\" data-element_type=\"widget\" data-e-type=\"widget\" data-widget_type=\"text-editor.default\">\n\t\t\t\t\t\t\t\t\t<p style=\"text-align: justify;\">L&#8217;extens jard\u00ed de Mas Torrencito \u00e9s un lloc \u00fanic que combina un paisatge cuidat amb la naturalesa salvatge. Aqu\u00ed trobar\u00e0s un munt de racons on descansar i gaudir del sol. T&#8217;invitem a evadir-te i explorar els nostres boscos, camins plens de vegetaci\u00f3 i senders que porten fins al Fluvi\u00e0.<\/p><p style=\"text-align: justify;\">El jard\u00ed de Mas Torrencito tamb\u00e9 \u00e9s un un <strong>parad\u00eds per als gossos<\/strong>. Amb espais sota la figuera per descansar, un rierol i una piscina per banyar-se, i la companyia d\u2019altres gossos amigables. La teva mascota tindr\u00e0 tot el necessari per gaudir del seu temps a la casa rural. Passeja pel nostre jard\u00ed i deixa\u2019t portar per la tranquil\u00b7litat i la bellesa de la naturalesa a Mas Torrencito.<\/p>\t\t\t\t\t\t\t\t<\/div>\n\t\t\t\t<\/div>\n\t\t\t\t<\/div>\n\t\t<div class=\"elementor-element elementor-element-fd332bf e-con-full e-flex e-con e-parent\" data-id=\"fd332bf\" data-element_type=\"container\" data-e-type=\"container\">\n\t\t<div class=\"elementor-element elementor-element-fadb60b e-con-full e-flex e-con e-child\" data-id=\"fadb60b\" data-element_type=\"container\" data-e-type=\"container\">\n\t\t\t\t<div class=\"elementor-element elementor-element-3df2473 elementor-widget elementor-widget-heading\" data-id=\"3df2473\" data-element_type=\"widget\" data-e-type=\"widget\" data-widget_type=\"heading.default\">\n\t\t\t\t\t<h2 class=\"elementor-heading-title elementor-size-default\">UNA XEMENEIA AMB M\u00c9S DE 600 ANYS D\u2019HIST\u00d2RIA<\/h2>\t\t\t\t<\/div>\n\t\t\t\t<div class=\"elementor-element elementor-element-7d82657 elementor-widget elementor-widget-heading\" data-id=\"7d82657\" data-element_type=\"widget\" data-e-type=\"widget\" data-widget_type=\"heading.default\">\n\t\t\t\t\t<h3 class=\"elementor-heading-title elementor-size-default\">Un munt d\u2019an\u00e8cdotes al seu voltant<\/h3>\t\t\t\t<\/div>\n\t\t\t\t<div class=\"elementor-element elementor-element-02ea068 elementor-widget elementor-widget-text-editor\" data-id=\"02ea068\" data-element_type=\"widget\" data-e-type=\"widget\" data-widget_type=\"text-editor.default\">\n\t\t\t\t\t\t\t\t\t<p style=\"text-align: justify;\"><strong>La Xemeneia<\/strong> de Mas Torrencito \u00e9s un lloc m\u00e0gic on els hostes poden gaudir d\u2019un ambient acollidor i relaxant. Amb la seva llum suau i el so del foc crepitant, \u00e9s el lloc perfecte per passar hores de tranquil\u00b7litat i descans. A m\u00e9s, envoltat per c\u00f2modes butaques i una selecci\u00f3 de centenars de llibres i revistes, \u00e9s el lloc ideal per llegir, imaginar i simplement gaudir de la companyia dels altres.<\/p><p style=\"text-align: justify;\">Els hostes poden relaxar-se amb un bon Gin Tonic o qualsevol de la gran varietat de begudes que us oferim, mentre gaudeixen de la m\u00fasica de Jazz i la conversa amistosa. A Mas Torrencito, la xemeneia \u00e9s molt m\u00e9s que un lloc per escalfar-se, \u00e9s un lloc per connectar amb la gent i crear records inoblidables.<\/p>\t\t\t\t\t\t\t\t<\/div>\n\t\t\t\t<\/div>\n\t\t<div class=\"elementor-element elementor-element-5a96c4e e-con-full e-flex e-con e-child\" data-id=\"5a96c4e\" data-element_type=\"container\" data-e-type=\"container\" data-settings=\"{&quot;background_background&quot;:&quot;classic&quot;}\">\n\t\t\t\t<\/div>\n\t\t\t\t<\/div>\n\t\t<div class=\"elementor-element elementor-element-ba90fcd e-con-full e-flex e-con e-parent\" data-id=\"ba90fcd\" data-element_type=\"container\" data-e-type=\"container\">\n\t\t<div class=\"elementor-element elementor-element-b87c16e e-con-full e-flex e-con e-child\" data-id=\"b87c16e\" data-element_type=\"container\" data-e-type=\"container\" data-settings=\"{&quot;background_background&quot;:&quot;classic&quot;}\">\n\t\t\t\t<\/div>\n\t\t<div class=\"elementor-element elementor-element-4b5d442 e-con-full e-flex e-con e-child\" data-id=\"4b5d442\" data-element_type=\"container\" data-e-type=\"container\">\n\t\t\t\t<div class=\"elementor-element elementor-element-66aa332 elementor-widget elementor-widget-heading\" data-id=\"66aa332\" data-element_type=\"widget\" data-e-type=\"widget\" data-widget_type=\"heading.default\">\n\t\t\t\t\t<h2 class=\"elementor-heading-title elementor-size-default\">LA CONFORTABLE BIBLIOTECA<\/h2>\t\t\t\t<\/div>\n\t\t\t\t<div class=\"elementor-element elementor-element-d10ff9f elementor-widget elementor-widget-heading\" data-id=\"d10ff9f\" data-element_type=\"widget\" data-e-type=\"widget\" data-widget_type=\"heading.default\">\n\t\t\t\t\t<h3 class=\"elementor-heading-title elementor-size-default\">Un rac\u00f3 per a la lectura i el relax<\/h3>\t\t\t\t<\/div>\n\t\t\t\t<div class=\"elementor-element elementor-element-1fd1895 elementor-widget elementor-widget-text-editor\" data-id=\"1fd1895\" data-element_type=\"widget\" data-e-type=\"widget\" data-widget_type=\"text-editor.default\">\n\t\t\t\t\t\t\t\t\t<p style=\"text-align: justify;\">Amb un ambient acollidor a l&#8217;hivern i fresc (per l&#8217;aire condicionat) i silenci\u00f3s a l&#8217;estiu, podr\u00e0s gaudir d&#8217;hores de satisfacci\u00f3 mental entre els passejos i les activitats esportives que oferim a la nostra casa rural. Aqu\u00ed trobar\u00e0s una col\u00b7lecci\u00f3 de llibres i revistes, aix\u00ed com una gran pantalla per veure les teves pel\u00b7l\u00edcules favorites.<\/p><p style=\"text-align: justify;\">Els animals s\u00f3n la nostra prioritat i sempre s\u00f3n benvinguts als nostres sof\u00e0s i jardins. No obstant aix\u00f2, esperem un comportament adequat dels gossos I DELS SEUS AMOS, i estem segurs que tots els gossos que visiten Mas Torrencito gaudiran de la conviv\u00e8ncia a les nostres instal\u00b7lacions.<\/p><p>El nostre chill out, amb els seus set sof\u00e0s, la seva xemeneia de pellet, la seva super tele de gaireb\u00e9 100&#8243; i totalment envidriat, fa d\u2019ell un espai perfecte per submergir-te en algun dels llibres que trobar\u00e0s per qualsevol part de Mas Torrencito.<\/p>\t\t\t\t\t\t\t\t<\/div>\n\t\t\t\t<\/div>\n\t\t\t\t<\/div>\n\t\t<div class=\"elementor-element elementor-element-0e9aadd e-con-full e-flex e-con e-parent\" data-id=\"0e9aadd\" data-element_type=\"container\" data-e-type=\"container\">\n\t\t<div class=\"elementor-element elementor-element-557fb4d e-con-full e-flex e-con e-child\" data-id=\"557fb4d\" data-element_type=\"container\" data-e-type=\"container\">\n\t\t\t\t<div class=\"elementor-element elementor-element-b58479a elementor-widget elementor-widget-heading\" data-id=\"b58479a\" data-element_type=\"widget\" data-e-type=\"widget\" data-widget_type=\"heading.default\">\n\t\t\t\t\t<h2 class=\"elementor-heading-title elementor-size-default\">EL BAR<\/h2>\t\t\t\t<\/div>\n\t\t\t\t<div class=\"elementor-element elementor-element-f216022 elementor-widget elementor-widget-heading\" data-id=\"f216022\" data-element_type=\"widget\" data-e-type=\"widget\" data-widget_type=\"heading.default\">\n\t\t\t\t\t<h3 class=\"elementor-heading-title elementor-size-default\">Espai clau de la casa rural<\/h3>\t\t\t\t<\/div>\n\t\t\t\t<div class=\"elementor-element elementor-element-4cb5d21 elementor-widget elementor-widget-text-editor\" data-id=\"4cb5d21\" data-element_type=\"widget\" data-e-type=\"widget\" data-widget_type=\"text-editor.default\">\n\t\t\t\t\t\t\t\t\t<p style=\"text-align: justify;\">Aquest espai encantador combina la comoditat moderna amb l&#8217;encant r\u00fastic, creant un ambient perfecte per gaudir d&#8217;una pausa tranquil\u00b7la. Situat als antics Galliners, al costat de la terrassa, trobar\u00e0s una \u00e0mplia selecci\u00f3 de begudes, menjar preparat de molt alta qualitat amb productes de proximitat, refrescos, sucs, vins, el nostre assortiment de cerveses i dispensador amb 4 aixetes, cafetera, m\u00e9s de 20 tipus de te i infusions. Tamb\u00e9 disposes d&#8217;entrepans, pizzes i bikinis.<\/p>\t\t\t\t\t\t\t\t<\/div>\n\t\t\t\t<\/div>\n\t\t<div class=\"elementor-element elementor-element-35cf169 e-con-full e-flex e-con e-child\" data-id=\"35cf169\" data-element_type=\"container\" data-e-type=\"container\" data-settings=\"{&quot;background_background&quot;:&quot;classic&quot;}\">\n\t\t\t\t<\/div>\n\t\t\t\t<\/div>\n\t\t\t\t<\/div>\n\t\t","protected":false},"excerpt":{"rendered":"<p>TURISME RURAL amb gossos ESTALVIA FINS A UN 17% EN LES TEVES RESERVES A LA NOSTRA WEB OFICIAL TURISME RURAL AMB GOSSOS A MAS TORRENCITO La millor casa rural de Girona per anar amb la teva mascota Mas Torrencito es compon de 7 hect\u00e0rees envoltades de boscos on trobar\u00e0s zones enjardinades, porxos, jocs de taula, [&hellip;]<\/p>\n","protected":false},"author":1,"featured_media":0,"parent":0,"menu_order":0,"comment_status":"closed","ping_status":"closed","template":"elementor_header_footer","meta":{"_acf_changed":false,"footnotes":""},"class_list":["post-1184","page","type-page","status-publish","hentry"],"yoast_head":"<!-- This site is optimized with the Yoast SEO Premium plugin v27.3 (Yoast SEO v27.4) - https:\/\/yoast.com\/product\/yoast-seo-premium-wordpress\/ -->\n<title>Turismo rural con perros - Mas Torrencito CAT<\/title>\n<meta name=\"description\" content=\"Mas Torrencito fomenta el turismo rural con perros. Aqu\u00ed los animales son nuestra prioridad y siempre est\u00e1n bienvenidos.\" \/>\n<meta name=\"robots\" content=\"index, follow, max-snippet:-1, max-image-preview:large, max-video-preview:-1\" \/>\n<link rel=\"canonical\" href=\"https:\/\/mastorrencito.com\/turismo-rural-con-perros\/\" \/>\n<meta property=\"og:locale\" content=\"es_ES\" \/>\n<meta property=\"og:type\" content=\"article\" \/>\n<meta property=\"og:title\" content=\"Turismo rural con perros\" \/>\n<meta property=\"og:description\" content=\"Mas Torrencito fomenta el turismo rural con perros. Aqu\u00ed los animales son nuestra prioridad y siempre est\u00e1n bienvenidos.\" \/>\n<meta property=\"og:url\" content=\"https:\/\/mastorrencito.com\/turismo-rural-con-perros\/\" \/>\n<meta property=\"og:site_name\" content=\"Mas Torrencito CAT\" \/>\n<meta property=\"article:modified_time\" content=\"2024-06-13T08:25:22+00:00\" \/>\n<meta name=\"twitter:card\" content=\"summary_large_image\" \/>\n<meta name=\"twitter:label1\" content=\"Tiempo de lectura\" \/>\n\t<meta name=\"twitter:data1\" content=\"3 minutos\" \/>\n<script type=\"application\/ld+json\" class=\"yoast-schema-graph\">{\"@context\":\"https:\\\/\\\/schema.org\",\"@graph\":[{\"@type\":\"WebPage\",\"@id\":\"https:\\\/\\\/mastorrencito.com\\\/turismo-rural-con-perros\\\/\",\"url\":\"https:\\\/\\\/mastorrencito.com\\\/turismo-rural-con-perros\\\/\",\"name\":\"Turismo rural con perros - Mas Torrencito CAT\",\"isPartOf\":{\"@id\":\"https:\\\/\\\/mastorrencito.com\\\/#website\"},\"datePublished\":\"2024-01-15T12:17:03+00:00\",\"dateModified\":\"2024-06-13T08:25:22+00:00\",\"description\":\"Mas Torrencito fomenta el turismo rural con perros. Aqu\u00ed los animales son nuestra prioridad y siempre est\u00e1n bienvenidos.\",\"breadcrumb\":{\"@id\":\"https:\\\/\\\/mastorrencito.com\\\/turismo-rural-con-perros\\\/#breadcrumb\"},\"inLanguage\":\"es\",\"potentialAction\":[{\"@type\":\"ReadAction\",\"target\":[\"https:\\\/\\\/mastorrencito.com\\\/turismo-rural-con-perros\\\/\"]}]},{\"@type\":\"BreadcrumbList\",\"@id\":\"https:\\\/\\\/mastorrencito.com\\\/turismo-rural-con-perros\\\/#breadcrumb\",\"itemListElement\":[{\"@type\":\"ListItem\",\"position\":1,\"name\":\"Portada\",\"item\":\"https:\\\/\\\/mastorrencito.com\\\/\"},{\"@type\":\"ListItem\",\"position\":2,\"name\":\"Turismo rural con perros\"}]},{\"@type\":\"WebSite\",\"@id\":\"https:\\\/\\\/mastorrencito.com\\\/#website\",\"url\":\"https:\\\/\\\/mastorrencito.com\\\/\",\"name\":\"Mas Torrencito CAT\",\"description\":\"Casa rural pet friendly en Girona\",\"publisher\":{\"@id\":\"https:\\\/\\\/mastorrencito.com\\\/#organization\"},\"potentialAction\":[{\"@type\":\"SearchAction\",\"target\":{\"@type\":\"EntryPoint\",\"urlTemplate\":\"https:\\\/\\\/mastorrencito.com\\\/?s={search_term_string}\"},\"query-input\":{\"@type\":\"PropertyValueSpecification\",\"valueRequired\":true,\"valueName\":\"search_term_string\"}}],\"inLanguage\":\"es\"},{\"@type\":\"Organization\",\"@id\":\"https:\\\/\\\/mastorrencito.com\\\/#organization\",\"name\":\"Mas Torrencito CAT\",\"url\":\"https:\\\/\\\/mastorrencito.com\\\/\",\"logo\":{\"@type\":\"ImageObject\",\"inLanguage\":\"es\",\"@id\":\"https:\\\/\\\/mastorrencito.com\\\/#\\\/schema\\\/logo\\\/image\\\/\",\"url\":\"https:\\\/\\\/mastorrencito.com\\\/cat\\\/wp-content\\\/uploads\\\/sites\\\/3\\\/Logo-Mastorrencito-horizontal.webp\",\"contentUrl\":\"https:\\\/\\\/mastorrencito.com\\\/cat\\\/wp-content\\\/uploads\\\/sites\\\/3\\\/Logo-Mastorrencito-horizontal.webp\",\"width\":161,\"height\":54,\"caption\":\"Mas Torrencito CAT\"},\"image\":{\"@id\":\"https:\\\/\\\/mastorrencito.com\\\/#\\\/schema\\\/logo\\\/image\\\/\"}}]}<\/script>\n<!-- \/ Yoast SEO Premium plugin. -->","yoast_head_json":{"title":"Turismo rural con perros - Mas Torrencito CAT","description":"Mas Torrencito fomenta el turismo rural con perros. Aqu\u00ed los animales son nuestra prioridad y siempre est\u00e1n bienvenidos.","robots":{"index":"index","follow":"follow","max-snippet":"max-snippet:-1","max-image-preview":"max-image-preview:large","max-video-preview":"max-video-preview:-1"},"canonical":"https:\/\/mastorrencito.com\/turismo-rural-con-perros\/","og_locale":"es_ES","og_type":"article","og_title":"Turismo rural con perros","og_description":"Mas Torrencito fomenta el turismo rural con perros. Aqu\u00ed los animales son nuestra prioridad y siempre est\u00e1n bienvenidos.","og_url":"https:\/\/mastorrencito.com\/turismo-rural-con-perros\/","og_site_name":"Mas Torrencito CAT","article_modified_time":"2024-06-13T08:25:22+00:00","twitter_card":"summary_large_image","twitter_misc":{"Tiempo de lectura":"3 minutos"},"schema":{"@context":"https:\/\/schema.org","@graph":[{"@type":"WebPage","@id":"https:\/\/mastorrencito.com\/turismo-rural-con-perros\/","url":"https:\/\/mastorrencito.com\/turismo-rural-con-perros\/","name":"Turismo rural con perros - Mas Torrencito CAT","isPartOf":{"@id":"https:\/\/mastorrencito.com\/#website"},"datePublished":"2024-01-15T12:17:03+00:00","dateModified":"2024-06-13T08:25:22+00:00","description":"Mas Torrencito fomenta el turismo rural con perros. Aqu\u00ed los animales son nuestra prioridad y siempre est\u00e1n bienvenidos.","breadcrumb":{"@id":"https:\/\/mastorrencito.com\/turismo-rural-con-perros\/#breadcrumb"},"inLanguage":"es","potentialAction":[{"@type":"ReadAction","target":["https:\/\/mastorrencito.com\/turismo-rural-con-perros\/"]}]},{"@type":"BreadcrumbList","@id":"https:\/\/mastorrencito.com\/turismo-rural-con-perros\/#breadcrumb","itemListElement":[{"@type":"ListItem","position":1,"name":"Portada","item":"https:\/\/mastorrencito.com\/"},{"@type":"ListItem","position":2,"name":"Turismo rural con perros"}]},{"@type":"WebSite","@id":"https:\/\/mastorrencito.com\/#website","url":"https:\/\/mastorrencito.com\/","name":"Mas Torrencito CAT","description":"Casa rural pet friendly en Girona","publisher":{"@id":"https:\/\/mastorrencito.com\/#organization"},"potentialAction":[{"@type":"SearchAction","target":{"@type":"EntryPoint","urlTemplate":"https:\/\/mastorrencito.com\/?s={search_term_string}"},"query-input":{"@type":"PropertyValueSpecification","valueRequired":true,"valueName":"search_term_string"}}],"inLanguage":"es"},{"@type":"Organization","@id":"https:\/\/mastorrencito.com\/#organization","name":"Mas Torrencito CAT","url":"https:\/\/mastorrencito.com\/","logo":{"@type":"ImageObject","inLanguage":"es","@id":"https:\/\/mastorrencito.com\/#\/schema\/logo\/image\/","url":"https:\/\/mastorrencito.com\/cat\/wp-content\/uploads\/sites\/3\/Logo-Mastorrencito-horizontal.webp","contentUrl":"https:\/\/mastorrencito.com\/cat\/wp-content\/uploads\/sites\/3\/Logo-Mastorrencito-horizontal.webp","width":161,"height":54,"caption":"Mas Torrencito CAT"},"image":{"@id":"https:\/\/mastorrencito.com\/#\/schema\/logo\/image\/"}}]}},"acf":[],"_links":{"self":[{"href":"https:\/\/mastorrencito.com\/cat\/wp-json\/wp\/v2\/pages\/1184","targetHints":{"allow":["GET"]}}],"collection":[{"href":"https:\/\/mastorrencito.com\/cat\/wp-json\/wp\/v2\/pages"}],"about":[{"href":"https:\/\/mastorrencito.com\/cat\/wp-json\/wp\/v2\/types\/page"}],"author":[{"embeddable":true,"href":"https:\/\/mastorrencito.com\/cat\/wp-json\/wp\/v2\/users\/1"}],"replies":[{"embeddable":true,"href":"https:\/\/mastorrencito.com\/cat\/wp-json\/wp\/v2\/comments?post=1184"}],"version-history":[{"count":147,"href":"https:\/\/mastorrencito.com\/cat\/wp-json\/wp\/v2\/pages\/1184\/revisions"}],"predecessor-version":[{"id":1932,"href":"https:\/\/mastorrencito.com\/cat\/wp-json\/wp\/v2\/pages\/1184\/revisions\/1932"}],"wp:attachment":[{"href":"https:\/\/mastorrencito.com\/cat\/wp-json\/wp\/v2\/media?parent=1184"}],"curies":[{"name":"wp","href":"https:\/\/api.w.org\/{rel}","templated":true}]}}